{"id":392,"date":"2023-03-28T17:22:20","date_gmt":"2023-03-28T15:22:20","guid":{"rendered":"https:\/\/zoo.sav.sk\/en\/?page_id=392"},"modified":"2024-07-22T08:52:43","modified_gmt":"2024-07-22T06:52:43","slug":"dept-of-genetics-and-ecophysiology","status":"publish","type":"page","link":"https:\/\/zoo.sav.sk\/en\/about-us\/departments\/dept-of-genetics-and-ecophysiology\/","title":{"rendered":"Department of Genetics and Ecophysiology"},"content":{"rendered":"<p><b>Head of the Department:<\/b><br \/>\nMgr. Martina G\u00e1likov\u00e1, PhD.<br \/>\n&nbsp;<\/p>\n<table class='list'>\n<tr class='list_header'>\n<td>Name \/ Position<\/td>\n<td>E-mail<\/td>\n<td>Phone<\/td>\n<\/tr>\n<tr>\n<td width='50%'><a class='bold' href='\/en\/staff\/basic-info\/?user_no=13697&#038;publication_author_id='>Boro\u0161, Andrej Bc.<\/a><\/p>\n<div><\/div>\n<\/td>\n<td width='35%'><a href='mailto:andrejboros5@gmail.com'>andrejboros5@gmail.com<\/a><\/td>\n<td width='15%'><\/td>\n<\/tr>\n<tr>\n<td width='50%'><a class='bold' href='\/en\/staff\/basic-info\/?user_no=14905&#038;publication_author_id='>Dutta, Arthita MSc.<\/a><\/p>\n<div><\/div>\n<\/td>\n<td width='35%'><a href='mailto:arthita.dutta@savba.sk'>arthita.dutta@savba.sk<\/a><\/td>\n<td width='15%'><\/td>\n<\/tr>\n<tr>\n<td width='50%'><a class='bold' href='\/en\/staff\/basic-info\/?user_no=11732&#038;publication_author_id='>G\u00e1likov\u00e1, Martina Mgr., PhD.<\/a><\/p>\n<div>head of department, senior researcher<\/div>\n<\/td>\n<td width='35%'><a href='mailto:martina.galikova@savba.sk'>martina.galikova@savba.sk<\/a><\/td>\n<td width='15%'><\/td>\n<\/tr>\n<tr>\n<td width='50%'><a class='bold' href='\/en\/staff\/basic-info\/?user_no=10852&#038;publication_author_id='>Klepsatel, Peter Mgr. et Mgr., PhD.<\/a><\/p>\n<div>senior researcher<\/div>\n<\/td>\n<td width='35%'><a href='mailto:peter.klepsatel@gmail.com'>peter.klepsatel@gmail.com<\/a><\/td>\n<td width='15%'><\/td>\n<\/tr>\n<tr>\n<td width='50%'><a class='bold' href='\/en\/staff\/basic-info\/?user_no=14164&#038;publication_author_id='>Kornhauser, Filip Bc.<\/a><\/p>\n<div><\/div>\n<\/td>\n<td width='35%'><a href='mailto:kornhauser@uniba.sk'>kornhauser@uniba.sk<\/a><\/td>\n<td width='15%'><\/td>\n<\/tr>\n<tr>\n<td width='50%'><a class='bold' href='\/en\/staff\/basic-info\/?user_no=14244&#038;publication_author_id='>Krempask\u00e1, Johana <\/a><\/p>\n<div><\/div>\n<\/td>\n<td width='35%'><a href='mailto:johana.krempaska@savba.sk'>johana.krempaska@savba.sk<\/a><\/td>\n<td width='15%'><\/td>\n<\/tr>\n<tr>\n<td width='50%'><a class='bold' href='\/en\/staff\/basic-info\/?user_no=14564&#038;publication_author_id='>Kun, Angelina Viven <\/a><\/p>\n<div><\/div>\n<\/td>\n<td width='35%'><a href='mailto:angelinaklementeva@savba.sk'>angelinaklementeva@savba.sk<\/a><\/td>\n<td width='15%'><\/td>\n<\/tr>\n<tr>\n<td width='50%'><a class='bold' href='\/en\/staff\/basic-info\/?user_no=14565&#038;publication_author_id='>Ma\u010dekov\u00e1, Laura Bc.<\/a><\/p>\n<div><\/div>\n<\/td>\n<td width='35%'><a href='mailto:lauramacekova@savba.sk'>lauramacekova@savba.sk<\/a><\/td>\n<td width='15%'><\/td>\n<\/tr>\n<tr>\n<td width='50%'><a class='bold' href='\/en\/staff\/basic-info\/?user_no=14245&#038;publication_author_id='>Makwisa, Emanuel, Manfred Mgr.<\/a><\/p>\n<div><\/div>\n<\/td>\n<td width='35%'><a href='mailto:emanuel.makwisa@savba.sk'>emanuel.makwisa@savba.sk<\/a><\/td>\n<td width='15%'><\/td>\n<\/tr>\n<tr>\n<td width='50%'><a class='bold' href='\/en\/staff\/basic-info\/?user_no=7401&#038;publication_author_id=0159585'>Michalkov\u00e1, Veronika Mgr., PhD.<\/a><\/p>\n<div>senior researcher<\/div>\n<\/td>\n<td width='35%'><a href='mailto:Veronika.Michalkova@savba.sk'>Veronika.Michalkova@savba.sk<\/a><\/td>\n<td width='15%'><\/td>\n<\/tr>\n<tr>\n<td width='50%'><a class='bold' href='\/en\/staff\/basic-info\/?user_no=14932&#038;publication_author_id='>Nishad, Anurag MSc.<\/a><\/p>\n<div><\/div>\n<\/td>\n<td width='35%'><a href='mailto:anurag.nishad@savba.sk'>anurag.nishad@savba.sk<\/a><\/td>\n<td width='15%'><\/td>\n<\/tr>\n<tr>\n<td width='50%'><a class='bold' href='\/en\/staff\/basic-info\/?user_no=14102&#038;publication_author_id='>Syed, Elena <\/a><\/p>\n<div><\/div>\n<\/td>\n<td width='35%'><a href='mailto:elene.syed@savba.sk'>elene.syed@savba.sk<\/a><\/td>\n<td width='15%'><\/td>\n<\/tr>\n<tr>\n<td width='50%'><a class='bold' href='\/en\/staff\/basic-info\/?user_no=1962&#038;publication_author_id=0000982'>Tak\u00e1\u010d, Peter RNDr., CSc.<\/a><\/p>\n<div>senior researcher<\/div>\n<\/td>\n<td width='35%'><a href='mailto:Peter.Takac@savba.sk'>Peter.Takac@savba.sk<\/a><\/td>\n<td width='15%'>02\/5930 2642<\/td>\n<\/tr>\n<tr>\n<td width='50%'><a class='bold' href='\/en\/staff\/basic-info\/?user_no=2365&#038;publication_author_id=0043324'>V\u00e1clav, Radovan Mgr., PhD.<\/a><\/p>\n<div>senior researcher<\/div>\n<\/td>\n<td width='35%'><a href='mailto:Radovan.Vaclav@savba.sk'>Radovan.Vaclav@savba.sk<\/a><\/td>\n<td width='15%'>02\/5930 2625<\/td>\n<\/tr>\n<tr>\n<td width='50%'><a class='bold' href='\/en\/staff\/basic-info\/?user_no=14032&#038;publication_author_id='>Vojtekov\u00e1, Sl\u00e1vka <\/a><\/p>\n<div><\/div>\n<\/td>\n<td width='35%'><a href='mailto:slavka.nevelos@gmail.com'>slavka.nevelos@gmail.com<\/a><\/td>\n<td width='15%'><\/td>\n<\/tr>\n<tr>\n<td width='50%'><a class='bold' href='\/en\/staff\/basic-info\/?user_no=13665&#038;publication_author_id='>Yadav, Sanjay Ramnarayan Mgr.<\/a><\/p>\n<div><\/div>\n<\/td>\n<td width='35%'><a href='mailto:sanjay.yadav@savba.sk'>sanjay.yadav@savba.sk<\/a><\/td>\n<td width='15%'><\/td>\n<\/tr>\n<\/table>\n","protected":false},"excerpt":{"rendered":"<p>Head of the Department: Mgr. Martina G\u00e1likov\u00e1, PhD. &nbsp; Name \/ Position E-mail Phone Boro\u0161, Andrej Bc. andrejboros5@gmail.com Dutta, Arthita MSc. arthita.dutta@savba.sk G\u00e1likov\u00e1, Martina Mgr.,&#8230;<span class=\"excerpt_more\"><a href=\"https:\/\/zoo.sav.sk\/en\/about-us\/departments\/dept-of-genetics-and-ecophysiology\/\">\u010d\u00edta\u0165 \u010falej &raquo;<\/a><\/span><\/p>\n","protected":false},"author":1,"featured_media":0,"parent":17,"menu_order":0,"comment_status":"closed","ping_status":"closed","template":"","meta":{"_links_to":"","_links_to_target":""},"_links":{"self":[{"href":"https:\/\/zoo.sav.sk\/en\/wp-json\/wp\/v2\/pages\/392"}],"collection":[{"href":"https:\/\/zoo.sav.sk\/en\/wp-json\/wp\/v2\/pages"}],"about":[{"href":"https:\/\/zoo.sav.sk\/en\/wp-json\/wp\/v2\/types\/page"}],"author":[{"embeddable":true,"href":"https:\/\/zoo.sav.sk\/en\/wp-json\/wp\/v2\/users\/1"}],"replies":[{"embeddable":true,"href":"https:\/\/zoo.sav.sk\/en\/wp-json\/wp\/v2\/comments?post=392"}],"version-history":[{"count":2,"href":"https:\/\/zoo.sav.sk\/en\/wp-json\/wp\/v2\/pages\/392\/revisions"}],"predecessor-version":[{"id":403,"href":"https:\/\/zoo.sav.sk\/en\/wp-json\/wp\/v2\/pages\/392\/revisions\/403"}],"up":[{"embeddable":true,"href":"https:\/\/zoo.sav.sk\/en\/wp-json\/wp\/v2\/pages\/17"}],"wp:attachment":[{"href":"https:\/\/zoo.sav.sk\/en\/wp-json\/wp\/v2\/media?parent=392"}],"curies":[{"name":"wp","href":"https:\/\/api.w.org\/{rel}","templated":true}]}}