{"id":377,"date":"2022-09-13T13:36:57","date_gmt":"2022-09-13T11:36:57","guid":{"rendered":"http:\/\/zoo.sav.sk\/en\/?page_id=377"},"modified":"2025-12-12T21:07:30","modified_gmt":"2025-12-12T19:07:30","slug":"ethics-committee","status":"publish","type":"page","link":"https:\/\/zoo.sav.sk\/en\/about-us\/ethics-committee\/","title":{"rendered":"Ethics committee"},"content":{"rendered":"<div>The Institute of Zoology of the Slovak Academy of Sciences does not have an Ethics committee.<\/div>\n<h3><\/h3>\n<div>Researchers, employees, and doctoral students must follow the Code of Ethics of the Slovak Academy of Sciences:<\/div>\n<h3><\/h3>\n<ul>\n<li><a href='https:\/\/zoo.sav.sk\/Dokumenty\/The_Code_of_Ethics_of_the_SAS_final.pdf' target='_blank' rel=\"noopener\"><b>The Code of Ethics of the Slovak Academy of Sciences<\/b><\/a><\/li>\n<\/ul>\n<h3><\/h3>\n<div>In the event of a violation of the ethical principles of research and development, or other controversial ethical issues, the employee should report this by e-mail to the director of the institution, Ing. Ladislav Roller, PhD.:<\/div>\n<h3><\/h3>\n<ul>\n<li><a href=\"mailto:ladislav.roller@savba.sk\"><b>ladislav.roller@savba.sk<\/b><\/a><\/li>\n<\/ul>\n<h3><\/h3>\n<div>The director of the institution shall establish an ad hoc Ethics committee.<\/div>\n","protected":false},"excerpt":{"rendered":"<p>The Institute of Zoology of the Slovak Academy of Sciences does not have an Ethics committee. Researchers, employees, and doctoral students must follow the Code&#8230;<span class=\"excerpt_more\"><a href=\"https:\/\/zoo.sav.sk\/en\/about-us\/ethics-committee\/\">\u010d\u00edta\u0165 \u010falej &raquo;<\/a><\/span><\/p>\n","protected":false},"author":1,"featured_media":0,"parent":11,"menu_order":0,"comment_status":"closed","ping_status":"closed","template":"","meta":{"_links_to":"","_links_to_target":""},"_links":{"self":[{"href":"https:\/\/zoo.sav.sk\/en\/wp-json\/wp\/v2\/pages\/377"}],"collection":[{"href":"https:\/\/zoo.sav.sk\/en\/wp-json\/wp\/v2\/pages"}],"about":[{"href":"https:\/\/zoo.sav.sk\/en\/wp-json\/wp\/v2\/types\/page"}],"author":[{"embeddable":true,"href":"https:\/\/zoo.sav.sk\/en\/wp-json\/wp\/v2\/users\/1"}],"replies":[{"embeddable":true,"href":"https:\/\/zoo.sav.sk\/en\/wp-json\/wp\/v2\/comments?post=377"}],"version-history":[{"count":8,"href":"https:\/\/zoo.sav.sk\/en\/wp-json\/wp\/v2\/pages\/377\/revisions"}],"predecessor-version":[{"id":468,"href":"https:\/\/zoo.sav.sk\/en\/wp-json\/wp\/v2\/pages\/377\/revisions\/468"}],"up":[{"embeddable":true,"href":"https:\/\/zoo.sav.sk\/en\/wp-json\/wp\/v2\/pages\/11"}],"wp:attachment":[{"href":"https:\/\/zoo.sav.sk\/en\/wp-json\/wp\/v2\/media?parent=377"}],"curies":[{"name":"wp","href":"https:\/\/api.w.org\/{rel}","templated":true}]}}