{"id":337,"date":"2022-01-28T21:53:57","date_gmt":"2022-01-28T19:53:57","guid":{"rendered":"http:\/\/zoo.sav.sk\/en\/?page_id=337"},"modified":"2024-07-22T08:52:43","modified_gmt":"2024-07-22T06:52:43","slug":"economic-department","status":"publish","type":"page","link":"https:\/\/zoo.sav.sk\/en\/about-us\/departments\/economic-department\/","title":{"rendered":"Economic Department"},"content":{"rendered":"<p><b>Head of the Economic Department:<\/b><br \/>\nIng. Danka Sitar\u010d\u00edkov\u00e1<br \/>\n&nbsp;<\/p>\n<table class='list'>\n<tr class='list_header'>\n<td>Name \/ Position<\/td>\n<td>E-mail<\/td>\n<td>Phone<\/td>\n<\/tr>\n<tr>\n<td width='50%'><a class='bold' href='\/en\/staff\/basic-info\/?user_no=8931&#038;publication_author_id='>Baranovi\u010d, Alexander <\/a><\/p>\n<div><\/div>\n<\/td>\n<td width='35%'><a href='mailto:alexander.baranovic@savba.sk'>alexander.baranovic@savba.sk<\/a><\/td>\n<td width='15%'>02\/59302644, 0918 784416<\/td>\n<\/tr>\n<tr>\n<td width='50%'><a class='bold' href='\/en\/staff\/basic-info\/?user_no=14506&#038;publication_author_id='>\u010cierna, Martina Mgr.<\/a><\/p>\n<div><\/div>\n<\/td>\n<td width='35%'><a href='mailto:martina.cierna@savba.sk'>martina.cierna@savba.sk<\/a><\/td>\n<td width='15%'>02\/5930 2603<\/td>\n<\/tr>\n<tr>\n<td width='50%'><a class='bold' href='\/en\/staff\/basic-info\/?user_no=7398&#038;publication_author_id='>Drinkov\u00e1, L\u00fddia <\/a><\/p>\n<div><\/div>\n<\/td>\n<td width='35%'><a href='mailto:Lydia.Drinkova@savba.sk'>Lydia.Drinkova@savba.sk<\/a><\/td>\n<td width='15%'>02\/5930 2606<\/td>\n<\/tr>\n<tr>\n<td width='50%'><a class='bold' href='\/en\/staff\/basic-info\/?user_no=11183&#038;publication_author_id='>Ku\u0161n\u00edrov\u00e1, Jana <\/a><\/p>\n<div>secretary of director<\/div>\n<\/td>\n<td width='35%'><a href='mailto:jana.kusnirova@savba.sk'>jana.kusnirova@savba.sk<\/a><\/td>\n<td width='15%'>02\/5930 2602<\/td>\n<\/tr>\n<tr>\n<td width='50%'><a class='bold' href='\/en\/staff\/basic-info\/?user_no=7402&#038;publication_author_id='>Pelik\u00e1nov\u00e1, Zuzana <\/a><\/p>\n<div><\/div>\n<\/td>\n<td width='35%'><a href='mailto:nikinka12358@gmail.com'>nikinka12358@gmail.com<\/a><\/td>\n<td width='15%'>02\/5930 2134<\/td>\n<\/tr>\n<tr>\n<td width='50%'><a class='bold' href='\/en\/staff\/basic-info\/?user_no=1954&#038;publication_author_id='>Pr\u00e1znovsk\u00e1, Dagmar Mgr.<\/a><\/p>\n<div><\/div>\n<\/td>\n<td width='35%'><a href='mailto:Dagmar.Praznovska@savba.sk'>Dagmar.Praznovska@savba.sk<\/a><\/td>\n<td width='15%'>02\/5930 2605<\/td>\n<\/tr>\n<tr>\n<td width='50%'><a class='bold' href='\/en\/staff\/basic-info\/?user_no=10515&#038;publication_author_id='>Sitar\u010d\u00edkov\u00e1, Danka Ing.<\/a><\/p>\n<div>head of economic department<\/div>\n<\/td>\n<td width='35%'><a href='mailto:danka.sitarcikova@savba.sk'>danka.sitarcikova@savba.sk<\/a><\/td>\n<td width='15%'>02\/5930 2603<\/td>\n<\/tr>\n<tr>\n<td width='50%'><a class='bold' href='\/en\/staff\/basic-info\/?user_no=13000&#038;publication_author_id='>Sovov\u00e1 Lindorov\u00e1, M\u00e1ria Bc., Ing.<\/a><\/p>\n<div>Civiln\u00e1 ochrana<\/div>\n<\/td>\n<td width='35%'><a href='mailto:lindorova@zoznam.sk'>lindorova@zoznam.sk<\/a><\/td>\n<td width='15%'><\/td>\n<\/tr>\n<tr>\n<td width='50%'><a class='bold' href='\/en\/staff\/basic-info\/?user_no=10797&#038;publication_author_id='>Vr\u00e1blov\u00e1, Eva <\/a><\/p>\n<div>THS<\/div>\n<\/td>\n<td width='35%'><a href='mailto:eva.vrablova@savba.sk'>eva.vrablova@savba.sk<\/a><\/td>\n<td width='15%'>02\/5930 2604<\/td>\n<\/tr>\n<\/table>\n","protected":false},"excerpt":{"rendered":"<p>Head of the Economic Department: Ing. Danka Sitar\u010d\u00edkov\u00e1 &nbsp; Name \/ Position E-mail Phone Baranovi\u010d, Alexander alexander.baranovic@savba.sk 02\/59302644, 0918 784416 \u010cierna, Martina Mgr. martina.cierna@savba.sk 02\/5930&#8230;<span class=\"excerpt_more\"><a href=\"https:\/\/zoo.sav.sk\/en\/about-us\/departments\/economic-department\/\">\u010d\u00edta\u0165 \u010falej &raquo;<\/a><\/span><\/p>\n","protected":false},"author":1,"featured_media":0,"parent":17,"menu_order":0,"comment_status":"closed","ping_status":"closed","template":"","meta":{"_links_to":"","_links_to_target":""},"_links":{"self":[{"href":"https:\/\/zoo.sav.sk\/en\/wp-json\/wp\/v2\/pages\/337"}],"collection":[{"href":"https:\/\/zoo.sav.sk\/en\/wp-json\/wp\/v2\/pages"}],"about":[{"href":"https:\/\/zoo.sav.sk\/en\/wp-json\/wp\/v2\/types\/page"}],"author":[{"embeddable":true,"href":"https:\/\/zoo.sav.sk\/en\/wp-json\/wp\/v2\/users\/1"}],"replies":[{"embeddable":true,"href":"https:\/\/zoo.sav.sk\/en\/wp-json\/wp\/v2\/comments?post=337"}],"version-history":[{"count":3,"href":"https:\/\/zoo.sav.sk\/en\/wp-json\/wp\/v2\/pages\/337\/revisions"}],"predecessor-version":[{"id":367,"href":"https:\/\/zoo.sav.sk\/en\/wp-json\/wp\/v2\/pages\/337\/revisions\/367"}],"up":[{"embeddable":true,"href":"https:\/\/zoo.sav.sk\/en\/wp-json\/wp\/v2\/pages\/17"}],"wp:attachment":[{"href":"https:\/\/zoo.sav.sk\/en\/wp-json\/wp\/v2\/media?parent=337"}],"curies":[{"name":"wp","href":"https:\/\/api.w.org\/{rel}","templated":true}]}}