{"id":322,"date":"2021-09-03T20:48:58","date_gmt":"2021-09-03T18:48:58","guid":{"rendered":"http:\/\/zoo.sav.sk\/en\/?page_id=322"},"modified":"2025-10-08T15:15:40","modified_gmt":"2025-10-08T13:15:40","slug":"gdpr-general-data-protection-regulation","status":"publish","type":"page","link":"https:\/\/zoo.sav.sk\/en\/gdpr\/gdpr-general-data-protection-regulation\/","title":{"rendered":"GDPR &#8211; General Data Protection Regulation"},"content":{"rendered":"<h3><\/h3>\n<p>Responsible person: <a href=\"mailto:uzaepraz@savba.sk\">uzaepraz@savba.sk<\/a><\/p>\n<h3><\/h3>\n<p><a href='https:\/\/zoo.sav.sk\/Dokumenty\/GDPR\/ZOO SAV - Informa\u010dn\u00e1 povinnos\u0165 - Z\u00e1sady sprac\u00favania O\u00da - 2025.pdf' target='_blank' rel=\"noopener\">Information obligation \/ Principles for processing of personal data &#8211; updated in 9\/2025 (in Slovak)<\/a><\/p>\n<h3><\/h3>\n<p>Forms to make a request under the GDPR are available <a href='https:\/\/zoo.sav.sk\/gdpr\/gdpr-ochrana-osobnych-udajov\/' target='_blank' rel=\"noopener\">here (\u017dIADOSTI; in Slovak)<\/a>.<\/p>\n<h3><\/h3>\n<p><a href='https:\/\/zoo.sav.sk\/Dokumenty\/GDPR\/ZOO SAV - Informa\u010dn\u00e1 povinnos\u0165 - Z\u00e1sady sprac\u00favania O\u00da - 2024.pdf' target='_blank' rel=\"noopener\">Information obligation \/ Principles for processing of personal data &#8211; updated in 9\/2024 (in Slovak)<\/a><\/p>\n<p><a href=\"https:\/\/zoo.sav.sk\/Dokumenty\/GDPR\/ZOO SAV - Informa\u010dn\u00e1 povinnos\u0165 - Z\u00e1sady sprac\u00favania O\u00da - 2023.pdf\" target=\"_blank\" rel=\"noopener\">Information obligation \/ Principles for processing of personal data &#8211; updated in 9\/2023 (in Slovak)<\/a><\/p>\n<p><a href=\"https:\/\/zoo.sav.sk\/Dokumenty\/GDPR\/ZOO SAV - Informa\u010dn\u00e1 povinnos\u0165 - Z\u00e1sady sprac\u00favania O\u00da - 2022.pdf\" target=\"_blank\" rel=\"noopener\">Information obligation \/ Principles for processing of personal data &#8211; updated in 11\/2022 (in Slovak)<\/a><\/p>\n<p><a href=\"https:\/\/zoo.sav.sk\/Dokumenty\/GDPR\/ZOO SAV - Informa\u010dn\u00e1 povinnos\u0165 - Z\u00e1sady sprac\u00favania O\u00da - 2021.pdf\" target=\"_blank\" rel=\"noopener\">Information obligation \/ Principles for processing of personal data &#8211; updated in 8\/2021 (in Slovak)<\/a><\/p>\n<p><a href=\"https:\/\/zoo.sav.sk\/Dokumenty\/GDPR\/ZOO - Informa\u010dn\u00e1 povinnos\u0165 - Z\u00e1sady sprac\u00favania O\u00da - 01.08.2019.pdf\" target=\"_blank\" rel=\"noopener\">Information obligation \/ Principles for processing of personal data (in Slovak)<\/a><\/p>\n","protected":false},"excerpt":{"rendered":"<p>Responsible person: uzaepraz@savba.sk Information obligation \/ Principles for processing of personal data &#8211; updated in 9\/2025 (in Slovak) Forms to make a request under the&#8230;<span class=\"excerpt_more\"><a href=\"https:\/\/zoo.sav.sk\/en\/gdpr\/gdpr-general-data-protection-regulation\/\">\u010d\u00edta\u0165 \u010falej &raquo;<\/a><\/span><\/p>\n","protected":false},"author":1,"featured_media":0,"parent":238,"menu_order":0,"comment_status":"closed","ping_status":"closed","template":"","meta":{"_links_to":"","_links_to_target":""},"_links":{"self":[{"href":"https:\/\/zoo.sav.sk\/en\/wp-json\/wp\/v2\/pages\/322"}],"collection":[{"href":"https:\/\/zoo.sav.sk\/en\/wp-json\/wp\/v2\/pages"}],"about":[{"href":"https:\/\/zoo.sav.sk\/en\/wp-json\/wp\/v2\/types\/page"}],"author":[{"embeddable":true,"href":"https:\/\/zoo.sav.sk\/en\/wp-json\/wp\/v2\/users\/1"}],"replies":[{"embeddable":true,"href":"https:\/\/zoo.sav.sk\/en\/wp-json\/wp\/v2\/comments?post=322"}],"version-history":[{"count":11,"href":"https:\/\/zoo.sav.sk\/en\/wp-json\/wp\/v2\/pages\/322\/revisions"}],"predecessor-version":[{"id":466,"href":"https:\/\/zoo.sav.sk\/en\/wp-json\/wp\/v2\/pages\/322\/revisions\/466"}],"up":[{"embeddable":true,"href":"https:\/\/zoo.sav.sk\/en\/wp-json\/wp\/v2\/pages\/238"}],"wp:attachment":[{"href":"https:\/\/zoo.sav.sk\/en\/wp-json\/wp\/v2\/media?parent=322"}],"curies":[{"name":"wp","href":"https:\/\/api.w.org\/{rel}","templated":true}]}}