{"id":269,"date":"2018-07-19T18:36:39","date_gmt":"2018-07-19T16:36:39","guid":{"rendered":"http:\/\/zoo.sav.sk\/en\/?page_id=269"},"modified":"2024-07-22T08:52:44","modified_gmt":"2024-07-22T06:52:44","slug":"supervisory-board","status":"publish","type":"page","link":"https:\/\/zoo.sav.sk\/en\/about-us\/supervisory-board\/","title":{"rendered":"Supervisory Board"},"content":{"rendered":"<p><b>Chairman:<\/b><br \/>\nprof. RNDr. Karol Marhold, DrSc.<\/p>\n<p><b>Members:<\/b><br \/>\nprof. RNDr. Peter Fedor, DrSc.<br \/>\nIng. Veronika P\u00fa\u010dikov\u00e1<\/p>\n","protected":false},"excerpt":{"rendered":"<p>Chairman: prof. RNDr. Karol Marhold, DrSc. Members: prof. RNDr. Peter Fedor, DrSc. Ing. Veronika P\u00fa\u010dikov\u00e1<\/p>\n","protected":false},"author":1,"featured_media":0,"parent":11,"menu_order":0,"comment_status":"closed","ping_status":"closed","template":"","meta":{"_links_to":"","_links_to_target":""},"_links":{"self":[{"href":"https:\/\/zoo.sav.sk\/en\/wp-json\/wp\/v2\/pages\/269"}],"collection":[{"href":"https:\/\/zoo.sav.sk\/en\/wp-json\/wp\/v2\/pages"}],"about":[{"href":"https:\/\/zoo.sav.sk\/en\/wp-json\/wp\/v2\/types\/page"}],"author":[{"embeddable":true,"href":"https:\/\/zoo.sav.sk\/en\/wp-json\/wp\/v2\/users\/1"}],"replies":[{"embeddable":true,"href":"https:\/\/zoo.sav.sk\/en\/wp-json\/wp\/v2\/comments?post=269"}],"version-history":[{"count":7,"href":"https:\/\/zoo.sav.sk\/en\/wp-json\/wp\/v2\/pages\/269\/revisions"}],"predecessor-version":[{"id":426,"href":"https:\/\/zoo.sav.sk\/en\/wp-json\/wp\/v2\/pages\/269\/revisions\/426"}],"up":[{"embeddable":true,"href":"https:\/\/zoo.sav.sk\/en\/wp-json\/wp\/v2\/pages\/11"}],"wp:attachment":[{"href":"https:\/\/zoo.sav.sk\/en\/wp-json\/wp\/v2\/media?parent=269"}],"curies":[{"name":"wp","href":"https:\/\/api.w.org\/{rel}","templated":true}]}}