{"id":267,"date":"2018-07-19T18:36:02","date_gmt":"2018-07-19T16:36:02","guid":{"rendered":"http:\/\/zoo.sav.sk\/en\/?page_id=267"},"modified":"2024-07-22T08:52:44","modified_gmt":"2024-07-22T06:52:44","slug":"management-board","status":"publish","type":"page","link":"https:\/\/zoo.sav.sk\/en\/about-us\/management-board\/","title":{"rendered":"Management Board"},"content":{"rendered":"<p><b>Chairman:<\/b><br \/>\nIng. Ladislav Roller, PhD.<\/p>\n<p><b>Members:<\/b><br \/>\nMgr. Martina G\u00e1likov\u00e1, PhD.<br \/>\nprof. PaedDr. Pavol Prokop, DrSc.<br \/>\nIng. Danka Sitar\u010d\u00edkov\u00e1<br \/>\ndoc. RNDr. \u013dubom\u00edr Vidli\u010dka, CSc.<\/p>\n","protected":false},"excerpt":{"rendered":"<p>Chairman: Ing. Ladislav Roller, PhD. Members: Mgr. Martina G\u00e1likov\u00e1, PhD. prof. PaedDr. Pavol Prokop, DrSc. Ing. Danka Sitar\u010d\u00edkov\u00e1 doc. RNDr. \u013dubom\u00edr Vidli\u010dka, CSc.<\/p>\n","protected":false},"author":1,"featured_media":0,"parent":11,"menu_order":0,"comment_status":"closed","ping_status":"closed","template":"","meta":{"_links_to":"","_links_to_target":""},"_links":{"self":[{"href":"https:\/\/zoo.sav.sk\/en\/wp-json\/wp\/v2\/pages\/267"}],"collection":[{"href":"https:\/\/zoo.sav.sk\/en\/wp-json\/wp\/v2\/pages"}],"about":[{"href":"https:\/\/zoo.sav.sk\/en\/wp-json\/wp\/v2\/types\/page"}],"author":[{"embeddable":true,"href":"https:\/\/zoo.sav.sk\/en\/wp-json\/wp\/v2\/users\/1"}],"replies":[{"embeddable":true,"href":"https:\/\/zoo.sav.sk\/en\/wp-json\/wp\/v2\/comments?post=267"}],"version-history":[{"count":6,"href":"https:\/\/zoo.sav.sk\/en\/wp-json\/wp\/v2\/pages\/267\/revisions"}],"predecessor-version":[{"id":414,"href":"https:\/\/zoo.sav.sk\/en\/wp-json\/wp\/v2\/pages\/267\/revisions\/414"}],"up":[{"embeddable":true,"href":"https:\/\/zoo.sav.sk\/en\/wp-json\/wp\/v2\/pages\/11"}],"wp:attachment":[{"href":"https:\/\/zoo.sav.sk\/en\/wp-json\/wp\/v2\/media?parent=267"}],"curies":[{"name":"wp","href":"https:\/\/api.w.org\/{rel}","templated":true}]}}