{"id":19,"date":"2016-04-19T08:44:50","date_gmt":"2016-04-19T06:44:50","guid":{"rendered":"http:\/\/zoo.sav.sk\/en\/?page_id=19"},"modified":"2024-07-22T08:52:43","modified_gmt":"2024-07-22T06:52:43","slug":"dept-of-animal-ecology","status":"publish","type":"page","link":"https:\/\/zoo.sav.sk\/en\/about-us\/departments\/dept-of-animal-ecology\/","title":{"rendered":"Department of Animal Ecology"},"content":{"rendered":"<p>Research activities:<\/p>\n<p>The department deals with a wide scale of biological problems connected with ecology and zoology, with the help of methods widely used in hydrobiology, parasitology, epidemiology, systematics, zoogeography, ethology, entomology, acarology, ornithology, and mammalogy. It is concerned with different groups of aquatic and terrestrial animals, namely Oligochaeta, Isopoda, Amphipoda, Acarina, Mallophaga, Opiliones, Coleoptera, Trichoptera, Plecoptera, Ephemeroptera, Aves and Mammalia.<br \/>\n&#8211; ecology, ethology, population and reproduction biology of invertebrates and vertebrates including humans, of ticks and tick-borne micro-organisms and tick-host-pathogen interactions<br \/>\n&#8211; bioindication of natural and anthropogenic changes of environment, with focus on floodplain, alpine aquatic and terrestrial ecosystems and their restoration, as well as impact of climatic changes on ecosystems,<br \/>\n&#8211; relationships of bird ecto- and endoparasites and non-parasitic arthropods inhabiting bird nests,<br \/>\n&#8211; ecology, physiology and host-pathogen interactions of the tick-borne diseases,<br \/>\nThe members of the department participated successfully in projects supported by the 3, 4, 5, 6 and 7FP of the EU (Alpe 2, MOLAR, EMERGE, STAR, EDEN, ICCTD3, EDENext) and in national projects funded by the Scientific Grant Agency of the Ministry of Education of the Slovak Republic and Slovak Academy of Sciences (VEGA) and by the Slovak Research and Development Agency (APVT, APVV).<\/p>\n<p><b>Head of the Department:<\/b><br \/>\nprof. doc. Ing. Ladislav Hamerl\u00edk, PhD.<\/p>\n<p><b>Members:<\/b><br \/>\nRNDr. Al\u017ebeta Darolov\u00e1, CSc. \u2013 senior researcher<br \/>\nEthology, ecology and reproductive strategies of birds, influence of parasites and bacteria on reproductive and physiological parameters of birds, analyses of song quality of birds <\/p>\n<p>Mgr. Igor Kokavec, PhD. &#8211; junior researcher<br \/>\nBiodiversity, population structure and ecology of non-insect benthic invertebrates \u2013 flatworms (Turbellaria), aquatic worms (Oligochaeta), molluscs ( Mollusca), leeches (Hirudinea) and crustaceans (Crustacea); ecology of regulated streams, effect of reservoirs on riverine ecosystems; invasive invertebrates<\/p>\n<p>RNDr. J\u00e1n Kri\u0161tof\u00edk, CSc. \u2013 senior researcher<br \/>\nEcology and distribution of mammal in Slovakia, reproductive biology of birds, relationship between birds, parasites (Mallophaga, Acarina, Diptera) and bacteria, analyses of song quality of birds<\/p>\n<p>RNDr. Peter Ma\u0161\u00e1n, PhD. \u2013 senior researcher<br \/>\nAcarology, especially systematics and biology of mesostigmatic mites (Acarina, Mesostigmata), including morphology, taxonomy, ecology and zoogeography of taxa living in Palaearctic Region, primarily based on free-living edaphic mites, parasitic mites associated with small mammals and birds (and their nests), and phoretic mites associated with coprophilous, necrophilous and mycophilous arthropods.<\/p>\n<p>RNDr. Tom\u00e1\u0161 Navara, PhD. &#8211; junior researcher<br \/>\nEcology  of water insect &#8211; mayflies (Ephemeroptera), stoneflies (Plecoptera) and caddisflies (Trichoptera); population structure, biodiversity and distribution of the listed insect orders in river ecosystems, mountain and submountain streams, and springs; impact of anthropogenic factors on water insect taxocoenoses<\/p>\n<p>RNDr. Pavol Prokop, PhD. \u2013 senior researcher<br \/>\nEvolution of nuptial feeding and sexual cannibalism in arthropods, sexual selection of animals including humans.<\/p>\n<p>Mr. Daniel Kosa &#8211; laboratory technician<\/p>\n<p><b>Consultant:<\/b><br \/>\nRNDr. Marian Vranovsk\u00fd, CSc.<br \/>\n \u2013 zooplankton of standing and flowing waters, ecology and taxonomy of Copepoda and Cladocera<br \/>\n&nbsp;<\/p>\n<table class='list'>\n<tr class='list_header'>\n<td>Name \/ Position<\/td>\n<td>E-mail<\/td>\n<td>Phone<\/td>\n<\/tr>\n<tr>\n<td width='50%'><a class='bold' href='\/en\/staff\/basic-info\/?user_no=1828&#038;publication_author_id=0001039'>Darolov\u00e1, Al\u017ebeta RNDr., CSc.<\/a><\/p>\n<div>senior researcher<\/div>\n<\/td>\n<td width='35%'><a href='mailto:alzbeta.darolova@savba.sk'>alzbeta.darolova@savba.sk<\/a><\/td>\n<td width='15%'>02\/5930 2619<\/td>\n<\/tr>\n<tr>\n<td width='50%'><a class='bold' href='\/en\/staff\/basic-info\/?user_no=14100&#038;publication_author_id='>Endel, Branislav  MSc.<\/a><\/p>\n<div><\/div>\n<\/td>\n<td width='35%'><a href='mailto:branislav.endel@savba.sk'>branislav.endel@savba.sk<\/a><\/td>\n<td width='15%'>+421948066096<\/td>\n<\/tr>\n<tr>\n<td width='50%'><a class='bold' href='\/en\/staff\/basic-info\/?user_no=12536&#038;publication_author_id='>Hamerl\u00edk, Ladislav prof. Ing., PhD.<\/a><\/p>\n<div>head of department, senior researcher<\/div>\n<\/td>\n<td width='35%'><a href='mailto:ladislav.hamerlik@umb.sk'>ladislav.hamerlik@umb.sk<\/a><\/td>\n<td width='15%'><\/td>\n<\/tr>\n<tr>\n<td width='50%'><a class='bold' href='\/en\/staff\/basic-info\/?user_no=10799&#038;publication_author_id='>Kokavec, Igor Mgr., PhD.<\/a><\/p>\n<div> researcher<\/div>\n<\/td>\n<td width='35%'><a href='mailto:igor.kokavec@savba.sk'>igor.kokavec@savba.sk<\/a><\/td>\n<td width='15%'>02\/5930 2612<\/td>\n<\/tr>\n<tr>\n<td width='50%'><a class='bold' href='\/en\/staff\/basic-info\/?user_no=12105&#038;publication_author_id='>Kosa, Daniel <\/a><\/p>\n<div><\/div>\n<\/td>\n<td width='35%'><a href='mailto:daniel.kosa@savba.sk'>daniel.kosa@savba.sk<\/a><\/td>\n<td width='15%'>02\/5930 2614<\/td>\n<\/tr>\n<tr>\n<td width='50%'><a class='bold' href='\/en\/staff\/basic-info\/?user_no=1945&#038;publication_author_id=0000479'>Kri\u0161tof\u00edk, J\u00e1n RNDr., CSc.<\/a><\/p>\n<div>senior researcher<\/div>\n<\/td>\n<td width='35%'><a href='mailto:Jan.Kristofik@savba.sk'>Jan.Kristofik@savba.sk<\/a><\/td>\n<td width='15%'>02\/5930 2616<\/td>\n<\/tr>\n<tr>\n<td width='50%'><a class='bold' href='\/en\/staff\/basic-info\/?user_no=1951&#038;publication_author_id=0000989'>Ma\u0161\u00e1n, Peter RNDr., PhD.<\/a><\/p>\n<div>senior researcher<\/div>\n<\/td>\n<td width='35%'><a href='mailto:Peter.Masan@savba.sk'>Peter.Masan@savba.sk<\/a><\/td>\n<td width='15%'>02\/5930 2620<\/td>\n<\/tr>\n<tr>\n<td width='50%'><a class='bold' href='\/en\/staff\/basic-info\/?user_no=11326&#038;publication_author_id='>Navara, Tom\u00e1\u0161  RNDr., PhD.<\/a><\/p>\n<div> researcher<\/div>\n<\/td>\n<td width='35%'><a href='mailto:tomas.navara@savba.sk'>tomas.navara@savba.sk<\/a><\/td>\n<td width='15%'><\/td>\n<\/tr>\n<tr>\n<td width='50%'><a class='bold' href='\/en\/staff\/basic-info\/?user_no=4339&#038;publication_author_id=0095472'>Prokop, Pavol prof. PaedDr., DrSc.<\/a><\/p>\n<div>leading researcher<\/div>\n<\/td>\n<td width='35%'><a href='mailto:Pavol.Prokop@savba.sk'>Pavol.Prokop@savba.sk<\/a><\/td>\n<td width='15%'>02\/5930 2621<\/td>\n<\/tr>\n<\/table>\n","protected":false},"excerpt":{"rendered":"<p>Research activities: The department deals with a wide scale of biological problems connected with ecology and zoology, with the help of methods widely used in&#8230;<span class=\"excerpt_more\"><a href=\"https:\/\/zoo.sav.sk\/en\/about-us\/departments\/dept-of-animal-ecology\/\">\u010d\u00edta\u0165 \u010falej &raquo;<\/a><\/span><\/p>\n","protected":false},"author":1,"featured_media":0,"parent":17,"menu_order":0,"comment_status":"closed","ping_status":"closed","template":"","meta":{"_links_to":"","_links_to_target":""},"_links":{"self":[{"href":"https:\/\/zoo.sav.sk\/en\/wp-json\/wp\/v2\/pages\/19"}],"collection":[{"href":"https:\/\/zoo.sav.sk\/en\/wp-json\/wp\/v2\/pages"}],"about":[{"href":"https:\/\/zoo.sav.sk\/en\/wp-json\/wp\/v2\/types\/page"}],"author":[{"embeddable":true,"href":"https:\/\/zoo.sav.sk\/en\/wp-json\/wp\/v2\/users\/1"}],"replies":[{"embeddable":true,"href":"https:\/\/zoo.sav.sk\/en\/wp-json\/wp\/v2\/comments?post=19"}],"version-history":[{"count":18,"href":"https:\/\/zoo.sav.sk\/en\/wp-json\/wp\/v2\/pages\/19\/revisions"}],"predecessor-version":[{"id":429,"href":"https:\/\/zoo.sav.sk\/en\/wp-json\/wp\/v2\/pages\/19\/revisions\/429"}],"up":[{"embeddable":true,"href":"https:\/\/zoo.sav.sk\/en\/wp-json\/wp\/v2\/pages\/17"}],"wp:attachment":[{"href":"https:\/\/zoo.sav.sk\/en\/wp-json\/wp\/v2\/media?parent=19"}],"curies":[{"name":"wp","href":"https:\/\/api.w.org\/{rel}","templated":true}]}}