{"id":161,"date":"2016-06-22T10:35:59","date_gmt":"2016-06-22T08:35:59","guid":{"rendered":"http:\/\/zoo.sav.sk\/en\/?page_id=161"},"modified":"2024-07-22T08:52:44","modified_gmt":"2024-07-22T06:52:44","slug":"dept-of-animal-systematics","status":"publish","type":"page","link":"https:\/\/zoo.sav.sk\/en\/about-us\/departments\/dept-of-animal-systematics\/","title":{"rendered":"Department of Animal Systematics"},"content":{"rendered":"<p>The Department of Animal Systematics focuses on systematics and taxonomy of various insect orders, and at applied research utilizing results of basic science for agricultural, medical and environmental practice. <\/p>\n<p>Systematics and taxonomy<br \/>\n&#8211; mainly Blattaria, Diptera, Coleoptera and Neuroptera<\/p>\n<p>The sterile insect technique \u2013 eradication and control of tse-tse flies<br \/>\n&#8211; improvement of bred colonies in mass rearing tse-tse flies (Glossina sp.)<br \/>\n&#8211; optimization of sterile insect technique in the tse-tse males<br \/>\n&#8211; training of scholars to improve breeding of tsetse colonies in Africa<br \/>\n&#8211; production of sterile male tsetse Glossina pallidipes competitive to wild males<br \/>\n&#8211; analysis of effects of various antibiotics and yeast extracts on intestinal bacterial symbionts and their impact on the overall fertility of tsetse flies<\/p>\n<p>Pesticide-free control of the house fly and stable fly populations<br \/>\n&#8211; development of ecological methods for eradication of stable fly (Stomoxys calcitrans) and house fly (Musca domestica) in livestock farms in Slovakia<\/p>\n<p><b>Head of the Department:<\/b><br \/>\ndoc. RNDr. \u013dubom\u00edr Vidli\u010dka, CSc.<br \/>\n&nbsp;<\/p>\n<table class='list'>\n<tr class='list_header'>\n<td>Name \/ Position<\/td>\n<td>E-mail<\/td>\n<td>Phone<\/td>\n<\/tr>\n<tr>\n<td width='50%'><a class='bold' href='\/en\/staff\/basic-info\/?user_no=9771&#038;publication_author_id='>Majzlan, Oto prof. RNDr., PhD.<\/a><\/p>\n<div>leading researcher<\/div>\n<\/td>\n<td width='35%'><a href='mailto:oto.majzlan@uniba.sk'>oto.majzlan@uniba.sk<\/a><\/td>\n<td width='15%'><\/td>\n<\/tr>\n<tr>\n<td width='50%'><a class='bold' href='\/en\/staff\/basic-info\/?user_no=8937&#038;publication_author_id='>Proch\u00e1zka, Emanuel Mgr., PhD.<\/a><\/p>\n<div>researcher<\/div>\n<\/td>\n<td width='35%'><a href='mailto:emanuel.prochazka@savba.sk'>emanuel.prochazka@savba.sk<\/a><\/td>\n<td width='15%'>02\/5930 2647<\/td>\n<\/tr>\n<tr>\n<td width='50%'><a class='bold' href='\/en\/staff\/basic-info\/?user_no=8573&#038;publication_author_id=0159244'>Semelbauer, Marek Mgr., PhD.<\/a><\/p>\n<div>senior researcher<\/div>\n<\/td>\n<td width='35%'><a href='mailto:Marek.Semelbauer@savba.sk'>Marek.Semelbauer@savba.sk<\/a><\/td>\n<td width='15%'><\/td>\n<\/tr>\n<tr>\n<td width='50%'><a class='bold' href='\/en\/staff\/basic-info\/?user_no=11978&#038;publication_author_id='>Sendi, Hemen Mgr., PhD.<\/a><\/p>\n<div> researcher<\/div>\n<\/td>\n<td width='35%'><a href='mailto:hemen.sendi@savba.sk'>hemen.sendi@savba.sk<\/a><\/td>\n<td width='15%'><\/td>\n<\/tr>\n<tr>\n<td width='50%'><a class='bold' href='\/en\/staff\/basic-info\/?user_no=1966&#038;publication_author_id=0000998'>Vidli\u010dka, \u013dubom\u00edr doc. RNDr., CSc.<\/a><\/p>\n<div>deputy director, head of department, senior researcher<\/div>\n<\/td>\n<td width='35%'><a href='mailto:Lubomir.Vidlicka@savba.sk'>Lubomir.Vidlicka@savba.sk<\/a><\/td>\n<td width='15%'>02\/5930 2640<\/td>\n<\/tr>\n<tr>\n<td width='50%'><a class='bold' href='\/en\/staff\/basic-info\/?user_no=10438&#038;publication_author_id='>Vr\u0161ansk\u00fd, Peter Mgr., PhD.<\/a><\/p>\n<div>senior researcher<\/div>\n<\/td>\n<td width='35%'><a href='mailto:Peter.Vrsansky@savba.sk'>Peter.Vrsansky@savba.sk<\/a><\/td>\n<td width='15%'><\/td>\n<\/tr>\n<\/table>\n","protected":false},"excerpt":{"rendered":"<p>The Department of Animal Systematics focuses on systematics and taxonomy of various insect orders, and at applied research utilizing results of basic science for agricultural,&#8230;<span class=\"excerpt_more\"><a href=\"https:\/\/zoo.sav.sk\/en\/about-us\/departments\/dept-of-animal-systematics\/\">\u010d\u00edta\u0165 \u010falej &raquo;<\/a><\/span><\/p>\n","protected":false},"author":1,"featured_media":0,"parent":17,"menu_order":30,"comment_status":"closed","ping_status":"closed","template":"","meta":{"_links_to":"","_links_to_target":""},"_links":{"self":[{"href":"https:\/\/zoo.sav.sk\/en\/wp-json\/wp\/v2\/pages\/161"}],"collection":[{"href":"https:\/\/zoo.sav.sk\/en\/wp-json\/wp\/v2\/pages"}],"about":[{"href":"https:\/\/zoo.sav.sk\/en\/wp-json\/wp\/v2\/types\/page"}],"author":[{"embeddable":true,"href":"https:\/\/zoo.sav.sk\/en\/wp-json\/wp\/v2\/users\/1"}],"replies":[{"embeddable":true,"href":"https:\/\/zoo.sav.sk\/en\/wp-json\/wp\/v2\/comments?post=161"}],"version-history":[{"count":10,"href":"https:\/\/zoo.sav.sk\/en\/wp-json\/wp\/v2\/pages\/161\/revisions"}],"predecessor-version":[{"id":364,"href":"https:\/\/zoo.sav.sk\/en\/wp-json\/wp\/v2\/pages\/161\/revisions\/364"}],"up":[{"embeddable":true,"href":"https:\/\/zoo.sav.sk\/en\/wp-json\/wp\/v2\/pages\/17"}],"wp:attachment":[{"href":"https:\/\/zoo.sav.sk\/en\/wp-json\/wp\/v2\/media?parent=161"}],"curies":[{"name":"wp","href":"https:\/\/api.w.org\/{rel}","templated":true}]}}