{"id":150,"date":"2016-06-22T10:01:27","date_gmt":"2016-06-22T08:01:27","guid":{"rendered":"http:\/\/zoo.sav.sk\/en\/?page_id=150"},"modified":"2024-07-22T08:52:52","modified_gmt":"2024-07-22T06:52:52","slug":"vega-projects","status":"publish","type":"page","link":"https:\/\/zoo.sav.sk\/en\/projects\/vega-projects\/","title":{"rendered":"VEGA Projects"},"content":{"rendered":"<h2>National<\/h2>\n<table class='project_list'>\n<tr>\n<td class='bold' colspan='2'>Dynamika ekosyst\u00e9mov tatransk\u00fdch jazier: medzi zotaven\u00edm a klimatick\u00fdm stresom<\/td>\n<\/tr>\n<tr>\n<td class='bold' colspan='2'>Ecosystem dynamics of Tatra Mountain lakes: between recovery and climate stress<\/td>\n<\/tr>\n<tr>\n<td width='30%'>Program: <\/td>\n<td width='70%'>VEGA<\/td>\n<\/tr>\n<tr>\n<td width='30%'>Project leader: <\/td>\n<td width='70%'>prof. Ing. Hamerl\u00edk Ladislav, PhD.<\/td>\n<\/tr>\n<tr>\n<td width='30%'>Duration: <\/td>\n<td width='70%'>1.1.2026 &#8211; 31.12.2029<\/td>\n<\/tr>\n<\/table>\n<table class='project_list'>\n<tr>\n<td class='bold' colspan='2'>Evolu\u010dn\u00e1 a ekologick\u00e1 dynamika fos\u00edlnych \u0161v\u00e1bov<\/td>\n<\/tr>\n<tr>\n<td class='bold' colspan='2'>Evolutionary and ecological dynamics of fossil cockroaches<\/td>\n<\/tr>\n<tr>\n<td width='30%'>Program: <\/td>\n<td width='70%'>VEGA<\/td>\n<\/tr>\n<tr>\n<td width='30%'>Project leader: <\/td>\n<td width='70%'>Mgr. Sendi Hemen, PhD.<\/td>\n<\/tr>\n<tr>\n<td width='30%' style='vertical-align: top;'>Annotation: <\/td>\n<td width='70%'>Insects are a dominant component of terrestrial biodiversity, and their evolutionary history is crucial for understanding past and present ecosystems. Cockroaches are among the oldest groups of insects and have played a significant role in terrestrial ecosystems as decomposers for hundreds of millions of years, supporting nutrient cycling in the environment. However, their full ecological and evolutionary history remains unclear. This project investigates fossil cockroaches through: 1) systematics, 2) taxonomy, 3) taphonomy, 4) paleoecology, and 5) paleogeography\u2014focusing on diversification, extinction, biotic interactions, and morphological variability. The material studied will come from Paleozoic sediments (~323\u2013298 Ma), Mesozoic amber and sediments (~251\u201366 Ma), and modern rainforests. Advanced methods, such as synchrotron tomography, SEM, IR spectroscopy and microscopy, are expected to yield new insights into the macroevolution and paleoecology of this resilient group of insects.<\/td>\n<\/tr>\n<tr>\n<td width='30%'>Duration: <\/td>\n<td width='70%'>1.1.2026 &#8211; 31.12.2029<\/td>\n<\/tr>\n<\/table>\n<table class='project_list'>\n<tr>\n<td class='bold' colspan='2'>Funkcia ope\u013eova\u010dov v reproduk\u010dn\u00fdch strat\u00e9gi\u00e1ch vybran\u00fdch druhov bur\u00edn<\/td>\n<\/tr>\n<tr>\n<td class='bold' colspan='2'>&#8211;<\/td>\n<\/tr>\n<tr>\n<td width='30%'>Program: <\/td>\n<td width='70%'>VEGA<\/td>\n<\/tr>\n<tr>\n<td width='30%'>Project leader: <\/td>\n<td width='70%'>prof. PaedDr. Prokop Pavol, DrSc.<\/td>\n<\/tr>\n<tr>\n<td width='30%'>Duration: <\/td>\n<td width='70%'>1.1.2025 &#8211; 31.12.2028<\/td>\n<\/tr>\n<\/table>\n<table class='project_list'>\n<tr>\n<td class='bold' colspan='2'>Metabolick\u00e9 programovanie d\u013a\u017eky \u017eivota a tolerancie vo\u010di stresu v\u00fd\u017eivou po\u010das skor\u00e9ho v\u00fdvinu<\/td>\n<\/tr>\n<tr>\n<td class='bold' colspan='2'>Metabolic programming of lifespan and stress tolerance by nutrition during early development<\/td>\n<\/tr>\n<tr>\n<td width='30%'>Program: <\/td>\n<td width='70%'>VEGA<\/td>\n<\/tr>\n<tr>\n<td width='30%'>Project leader: <\/td>\n<td width='70%'>Mgr. et Mgr. Klepsatel Peter, PhD.<\/td>\n<\/tr>\n<tr>\n<td width='30%'>Duration: <\/td>\n<td width='70%'>1.1.2025 &#8211; 31.12.2028<\/td>\n<\/tr>\n<\/table>\n<table class='project_list'>\n<tr>\n<td class='bold' colspan='2'>Rozpozn\u00e1vanie a zvl\u00e1danie hranice nechcen\u00e9ho v intimite a sexualite<\/td>\n<\/tr>\n<tr>\n<td class='bold' colspan='2'>Recognising and managing the boundaries of the unwanted in intimacy and sexuality<\/td>\n<\/tr>\n<tr>\n<td width='30%'>Program: <\/td>\n<td width='70%'>VEGA<\/td>\n<\/tr>\n<tr>\n<td width='30%'>Project leader: <\/td>\n<td width='70%'>prof. PaedDr. Prokop Pavol, DrSc.<\/td>\n<\/tr>\n<tr>\n<td width='30%'>Duration: <\/td>\n<td width='70%'>1.1.2025 &#8211; 31.12.2028<\/td>\n<\/tr>\n<\/table>\n<table class='project_list'>\n<tr>\n<td class='bold' colspan='2'>Sledovanie sez\u00f3nnej aktivity Ixodes ricinus a Dermacentor reticulatus pomocou klie\u0161\u0165ov\u00fdch z\u00e1hradiek so zameran\u00edm na vybran\u00e9 klie\u0161\u0165ami pren\u00e1\u0161an\u00e9 patog\u00e9ny<\/td>\n<\/tr>\n<tr>\n<td class='bold' colspan='2'>Monitoring of the seasonal activity of Ixodes ricinus and Dermacentor reticulatus using tick gardens with a focus on selected tick-borne pathogens<\/td>\n<\/tr>\n<tr>\n<td width='30%'>Program: <\/td>\n<td width='70%'>VEGA<\/td>\n<\/tr>\n<tr>\n<td width='30%'>Project leader: <\/td>\n<td width='70%'>Mgr. Rus\u0148\u00e1kov\u00e1 Tarage\u013eov\u00e1 Veronika, PhD.<\/td>\n<\/tr>\n<tr>\n<td width='30%'>Duration: <\/td>\n<td width='70%'>1.1.2025 &#8211; 31.12.2028<\/td>\n<\/tr>\n<\/table>\n<table class='project_list'>\n<tr>\n<td class='bold' colspan='2'>INCODE &#8211; Zmeny diverzity bezstavovcov v priebehu desa\u0165ro\u010d\u00ed: hodnotenie tempor\u00e1lnych zmien taxonomickej a funk\u010dnej \u0161trukt\u00fary spolo\u010denstiev bezstavovcov na podklade historick\u00fdch \u00fadajov<\/td>\n<\/tr>\n<tr>\n<td class='bold' colspan='2'>Invertebrate Diversity Changes Over Decades: Assessing Temporal Changes in the Taxonomic and Functional Structure of Invertebrate Communities Using Historical Data<\/td>\n<\/tr>\n<tr>\n<td width='30%'>Program: <\/td>\n<td width='70%'>VEGA<\/td>\n<\/tr>\n<tr>\n<td width='30%'>Project leader: <\/td>\n<td width='70%'>RNDr. Navara Tom\u00e1\u0161 , PhD.<\/td>\n<\/tr>\n<tr>\n<td width='30%'>Duration: <\/td>\n<td width='70%'>1.1.2025 &#8211; 31.12.2028<\/td>\n<\/tr>\n<\/table>\n<table class='project_list'>\n<tr>\n<td class='bold' colspan='2'>Environment\u00e1lne determinanty distrib\u00facie vt\u00e1kov a hematof\u00e1gneho hmyzu v ekologicky hrani\u010dn\u00fdch podmienkach<\/td>\n<\/tr>\n<tr>\n<td class='bold' colspan='2'>The environmental determinants of bird and hematophagous insect distribution under ecologically extreme conditions<\/td>\n<\/tr>\n<tr>\n<td width='30%'>Program: <\/td>\n<td width='70%'>VEGA<\/td>\n<\/tr>\n<tr>\n<td width='30%'>Project leader: <\/td>\n<td width='70%'>Mgr. V\u00e1clav Radovan, PhD.<\/td>\n<\/tr>\n<tr>\n<td width='30%'>Duration: <\/td>\n<td width='70%'>1.1.2024 &#8211; 31.12.2027<\/td>\n<\/tr>\n<\/table>\n<table class='project_list'>\n<tr>\n<td class='bold' colspan='2'>Nov\u00e9 regul\u00e1tory metabolizmu drozofily<\/td>\n<\/tr>\n<tr>\n<td class='bold' colspan='2'>Novel pathways governing energy metabolism in Drosophila<\/td>\n<\/tr>\n<tr>\n<td width='30%'>Program: <\/td>\n<td width='70%'>VEGA<\/td>\n<\/tr>\n<tr>\n<td width='30%'>Project leader: <\/td>\n<td width='70%'>Mgr. G\u00e1likov\u00e1 Martina, PhD.<\/td>\n<\/tr>\n<tr>\n<td width='30%'>Duration: <\/td>\n<td width='70%'>1.1.2024 &#8211; 31.12.2027<\/td>\n<\/tr>\n<\/table>\n<table class='project_list'>\n<tr>\n<td class='bold' colspan='2'>Potravn\u00e1 a akustick\u00e1 ekol\u00f3gia a trendy vlajkov\u00fdch druhov vt\u00e1kov v \u010dase glob\u00e1lnych zmien<\/td>\n<\/tr>\n<tr>\n<td class='bold' colspan='2'>Foraging and acoustic ecology and trends of flagship bird species during global change Key<\/td>\n<\/tr>\n<tr>\n<td width='30%'>Program: <\/td>\n<td width='70%'>VEGA<\/td>\n<\/tr>\n<tr>\n<td width='30%'>Project leader: <\/td>\n<td width='70%'>RNDr. Darolov\u00e1 Al\u017ebeta, CSc.<\/td>\n<\/tr>\n<tr>\n<td width='30%' style='vertical-align: top;'>Annotation: <\/td>\n<td width='70%'>Rapid changes in landscape and climate during the last centuries have been largely responsible for the decline ininsectivorous birds. These changes caused also decline in food and habitat diversity as well as negative rangetrends in several species. The food and habitat are crucial for the survival of a population, especially inspecialists. The project will evaluate food parameters in relation to environmental conditions in time series insome species of insectivorous birds (genera Merops, Lanius, Galerida) and, using acoustic playbackexperiments, also intraspecific interactions of some species (Acrocephalus). Assessment of foraging behaviorand vocalizations in specific habitats of these species will bring new, more complex scientific knowledge, helpexplain population and range trends and use them as indicators of landscape changes. Understanding thefunctional relationships of model endangered species could also improve a different approach in conservationmanagement compared to common species.<\/td>\n<\/tr>\n<tr>\n<td width='30%'>Duration: <\/td>\n<td width='70%'>1.1.2024 &#8211; 31.12.2027<\/td>\n<\/tr>\n<\/table>\n<table class='project_list'>\n<tr>\n<td class='bold' colspan='2'>Prev\u00e1dzka mal\u00fdch vodn\u00fdch elektr\u00e1rn\u00ed ako in-situ model simuluj\u00faci efekt zmeny kl\u00edmy na biodiverzitu vodn\u00fdch tokov<\/td>\n<\/tr>\n<tr>\n<td class='bold' colspan='2'>The operation of small hydropower plants as an in-situ model for simulating the effects of climate change on stream biodiversity<\/td>\n<\/tr>\n<tr>\n<td width='30%'>Program: <\/td>\n<td width='70%'>VEGA<\/td>\n<\/tr>\n<tr>\n<td width='30%'>Project leader: <\/td>\n<td width='70%'>Mgr. Kokavec Igor, PhD.<\/td>\n<\/tr>\n<tr>\n<td width='30%'>Duration: <\/td>\n<td width='70%'>1.1.2024 &#8211; 31.12.2027<\/td>\n<\/tr>\n<\/table>\n<table class='project_list'>\n<tr>\n<td class='bold' colspan='2'>Krvn\u00e9 parazity penice \u010diernohlavej (Sylvia atricapilla) a ich mo\u017en\u00fdch vektorov: prevalencia, diverzita a mo\u017enosti prenosu <\/td>\n<\/tr>\n<tr>\n<td class='bold' colspan='2'>Blood Parasites of blackcaps (Sylvia Atricapilla) and vectors: Prevalence, Diversity, and Transmission Patterns<\/td>\n<\/tr>\n<tr>\n<td width='30%'>Program: <\/td>\n<td width='70%'>VEGA<\/td>\n<\/tr>\n<tr>\n<td width='30%'>Project leader: <\/td>\n<td width='70%'>Mgr. \u0160ujanov\u00e1 Al\u017ebeta, PhD.<\/td>\n<\/tr>\n<tr>\n<td width='30%'>Duration: <\/td>\n<td width='70%'>1.1.2024 &#8211; 31.12.2026<\/td>\n<\/tr>\n<\/table>\n<table class='project_list'>\n<tr>\n<td class='bold' colspan='2'>Molekul\u00e1rna anal\u00fdza, bion\u00f3mia a ekol\u00f3gia vybran\u00fdch skup\u00edn denn\u00fdch mot\u00fd\u013eov a hrubop\u00e1sych blanokr\u00eddlovcov.<\/td>\n<\/tr>\n<tr>\n<td class='bold' colspan='2'>Molecular analysis, bionomy and ecology of specific groups of butterflies and sawflies.<\/td>\n<\/tr>\n<tr>\n<td width='30%'>Program: <\/td>\n<td width='70%'>VEGA<\/td>\n<\/tr>\n<tr>\n<td width='30%'>Project leader: <\/td>\n<td width='70%'>Ing. Roller Ladislav, PhD.<\/td>\n<\/tr>\n<tr>\n<td width='30%' style='vertical-align: top;'>Annotation: <\/td>\n<td width='70%'>In this project, we will focus on groups of butterflies and sawflies that contain as yet unrecognised species and taxa with unclear systematics and bionomy. These are selected representatives of butterflies from the genera Pieris, Apatura and Melitaea and sawflies from the genera Pamphilius, Hinatara and Mesoneura.We will focus on:1. clarifying the systematic position of some taxa. 2. distinguishing species within the genera studied on the basis of morphometric and molecular analyses. 3. description of the ecological requirements and bionomy of each species.<\/td>\n<\/tr>\n<tr>\n<td width='30%'>Duration: <\/td>\n<td width='70%'>1.1.2023 &#8211; 31.12.2026<\/td>\n<\/tr>\n<\/table>\n<table class='project_list'>\n<tr>\n<td class='bold' colspan='2'>Stanovenie funkci\u00ed spevu a perov\u00fdch ornamentov u lelka lesn\u00e9ho (Caprimulgus europaeus) prostredn\u00edctvom \u010dasovania vok\u00e1lnych aktiv\u00edt a pomocou behavior\u00e1lneho experimentu<\/td>\n<\/tr>\n<tr>\n<td class='bold' colspan='2'>Evaluation of the territorial function of vocal signal and plumage ornament in the Common Nightjar (Caprimulgus europaeus) by the timing of vocal activities and using behavioral experiment<\/td>\n<\/tr>\n<tr>\n<td width='30%'>Program: <\/td>\n<td width='70%'>VEGA<\/td>\n<\/tr>\n<tr>\n<td width='30%'>Project leader: <\/td>\n<td width='70%'>RNDr. Darolov\u00e1 Al\u017ebeta, CSc.<\/td>\n<\/tr>\n<tr>\n<td width='30%'>Duration: <\/td>\n<td width='70%'>1.1.2023 &#8211; 31.12.2026<\/td>\n<\/tr>\n<\/table>\n<table class='project_list'>\n<tr>\n<td class='bold' colspan='2'>\u00daloha bioindik\u00e1torov v identifik\u00e1cii antropog\u00e9nne vyvolan\u00fdch zmien vodno-vzdu\u0161n\u00e9ho re\u017eimu v p\u00f4dach s r\u00f4znym sp\u00f4sobom vyu\u017eitia<\/td>\n<\/tr>\n<tr>\n<td class='bold' colspan='2'>&#8211;<\/td>\n<\/tr>\n<tr>\n<td width='30%'>Program: <\/td>\n<td width='70%'>VEGA<\/td>\n<\/tr>\n<tr>\n<td width='30%'>Project leader: <\/td>\n<td width='70%'>Mgr. Mangov\u00e1 Barbara , PhD.<\/td>\n<\/tr>\n<tr>\n<td width='30%'>Duration: <\/td>\n<td width='70%'>1.1.2023 &#8211; 31.12.2026<\/td>\n<\/tr>\n<\/table>\n<table class='project_list'>\n<tr>\n<td class='bold' colspan='2'>\u00daloha receptorov pre neuropeptidy pri regul\u00e1cii vn\u00fatorn\u00fdch org\u00e1nov klie\u0161\u0165ov<\/td>\n<\/tr>\n<tr>\n<td class='bold' colspan='2'>&#8211;<\/td>\n<\/tr>\n<tr>\n<td width='30%'>Program: <\/td>\n<td width='70%'>VEGA<\/td>\n<\/tr>\n<tr>\n<td width='30%'>Project leader: <\/td>\n<td width='70%'>RNDr. \u017dit\u0148an Du\u0161an, DrSc.<\/td>\n<\/tr>\n<tr>\n<td width='30%'>Duration: <\/td>\n<td width='70%'>1.1.2023 &#8211; 31.12.2026<\/td>\n<\/tr>\n<\/table>\n","protected":false},"excerpt":{"rendered":"<p>National Dynamika ekosyst\u00e9mov tatransk\u00fdch jazier: medzi zotaven\u00edm a klimatick\u00fdm stresom Ecosystem dynamics of Tatra Mountain lakes: between recovery and climate stress Program: VEGA Project leader:&#8230;<span class=\"excerpt_more\"><a href=\"https:\/\/zoo.sav.sk\/en\/projects\/vega-projects\/\">\u010d\u00edta\u0165 \u010falej &raquo;<\/a><\/span><\/p>\n","protected":false},"author":1,"featured_media":0,"parent":53,"menu_order":20,"comment_status":"closed","ping_status":"closed","template":"","meta":{"_links_to":"","_links_to_target":""},"_links":{"self":[{"href":"https:\/\/zoo.sav.sk\/en\/wp-json\/wp\/v2\/pages\/150"}],"collection":[{"href":"https:\/\/zoo.sav.sk\/en\/wp-json\/wp\/v2\/pages"}],"about":[{"href":"https:\/\/zoo.sav.sk\/en\/wp-json\/wp\/v2\/types\/page"}],"author":[{"embeddable":true,"href":"https:\/\/zoo.sav.sk\/en\/wp-json\/wp\/v2\/users\/1"}],"replies":[{"embeddable":true,"href":"https:\/\/zoo.sav.sk\/en\/wp-json\/wp\/v2\/comments?post=150"}],"version-history":[{"count":1,"href":"https:\/\/zoo.sav.sk\/en\/wp-json\/wp\/v2\/pages\/150\/revisions"}],"predecessor-version":[{"id":151,"href":"https:\/\/zoo.sav.sk\/en\/wp-json\/wp\/v2\/pages\/150\/revisions\/151"}],"up":[{"embeddable":true,"href":"https:\/\/zoo.sav.sk\/en\/wp-json\/wp\/v2\/pages\/53"}],"wp:attachment":[{"href":"https:\/\/zoo.sav.sk\/en\/wp-json\/wp\/v2\/media?parent=150"}],"curies":[{"name":"wp","href":"https:\/\/api.w.org\/{rel}","templated":true}]}}