{"id":15,"date":"2016-04-19T08:44:08","date_gmt":"2016-04-19T06:44:08","guid":{"rendered":"http:\/\/zoo.sav.sk\/en\/?page_id=15"},"modified":"2025-06-26T23:48:14","modified_gmt":"2025-06-26T21:48:14","slug":"scientific-board","status":"publish","type":"page","link":"https:\/\/zoo.sav.sk\/en\/about-us\/scientific-board\/","title":{"rendered":"Scientific Board"},"content":{"rendered":"<p><b>Chairwoman:<\/b><br \/>\nRNDr. M\u00e1ria Kazim\u00edrov\u00e1, CSc.<\/p>\n<p><b>Internal members:<\/b><br \/>\nprof. Ing. Ladislav Hamerl\u00edk, PhD.<br \/>\nRNDr. Juraj Ko\u010di, PhD.<br \/>\nMgr. Marek Semelbauer, PhD.<br \/>\nMgr. Radovan V\u00e1clav, PhD.<br \/>\nRNDr. Du\u0161an \u017dit\u0148an, DrSc.<\/p>\n<p><b>External members:<\/b><br \/>\nMgr. J\u00e1n Kautman (SNM &#8211; Natural Science Museum)<br \/>\ndoc. Dr.rer.nat. Peter V\u010fa\u010dn\u00fd, PhD. (Department of Zoology, Faculty of Natural Sciences, Comenius University)<br \/>\nprof. RNDr. Michal Zeman, DrSc. (Department of Animal Physiology and Ethology, Faculty of Natural Sciences, Comenius University)<\/p>\n","protected":false},"excerpt":{"rendered":"<p>Chairwoman: RNDr. M\u00e1ria Kazim\u00edrov\u00e1, CSc. Internal members: prof. Ing. Ladislav Hamerl\u00edk, PhD. RNDr. Juraj Ko\u010di, PhD. Mgr. Marek Semelbauer, PhD. Mgr. Radovan V\u00e1clav, PhD. RNDr&#8230;.<span class=\"excerpt_more\"><a href=\"https:\/\/zoo.sav.sk\/en\/about-us\/scientific-board\/\">\u010d\u00edta\u0165 \u010falej &raquo;<\/a><\/span><\/p>\n","protected":false},"author":1,"featured_media":0,"parent":11,"menu_order":0,"comment_status":"closed","ping_status":"closed","template":"","meta":{"_links_to":"","_links_to_target":""},"_links":{"self":[{"href":"https:\/\/zoo.sav.sk\/en\/wp-json\/wp\/v2\/pages\/15"}],"collection":[{"href":"https:\/\/zoo.sav.sk\/en\/wp-json\/wp\/v2\/pages"}],"about":[{"href":"https:\/\/zoo.sav.sk\/en\/wp-json\/wp\/v2\/types\/page"}],"author":[{"embeddable":true,"href":"https:\/\/zoo.sav.sk\/en\/wp-json\/wp\/v2\/users\/1"}],"replies":[{"embeddable":true,"href":"https:\/\/zoo.sav.sk\/en\/wp-json\/wp\/v2\/comments?post=15"}],"version-history":[{"count":16,"href":"https:\/\/zoo.sav.sk\/en\/wp-json\/wp\/v2\/pages\/15\/revisions"}],"predecessor-version":[{"id":453,"href":"https:\/\/zoo.sav.sk\/en\/wp-json\/wp\/v2\/pages\/15\/revisions\/453"}],"up":[{"embeddable":true,"href":"https:\/\/zoo.sav.sk\/en\/wp-json\/wp\/v2\/pages\/11"}],"wp:attachment":[{"href":"https:\/\/zoo.sav.sk\/en\/wp-json\/wp\/v2\/media?parent=15"}],"curies":[{"name":"wp","href":"https:\/\/api.w.org\/{rel}","templated":true}]}}