{"id":13,"date":"2016-04-19T08:43:53","date_gmt":"2016-04-19T06:43:53","guid":{"rendered":"http:\/\/zoo.sav.sk\/en\/?page_id=13"},"modified":"2024-07-22T08:52:44","modified_gmt":"2024-07-22T06:52:44","slug":"organizational-structure","status":"publish","type":"page","link":"https:\/\/zoo.sav.sk\/en\/about-us\/organizational-structure\/","title":{"rendered":"Organizational Structure"},"content":{"rendered":"<p><b>Director:<\/b><br \/>\nIng. Ladislav Roller, PhD.<\/p>\n<p><b>First deputy director:<\/b><br \/>\ndoc. RNDr. \u013dubom\u00edr Vidli\u010dka, CSc.<\/p>\n<p><b>Second deputy director:<\/b><br \/>\n&nbsp;<\/p>\n<p><b>Scientific secretary:<\/b><br \/>\nMgr. Igor Kokavec, PhD.<\/p>\n<p><img decoding=\"async\" loading=\"lazy\" src=\"https:\/\/zoo.sav.sk\/Schemy\/schema_en.jpg\" width=\"640\" height=\"617\"\/><\/p>\n","protected":false},"excerpt":{"rendered":"<p>Director: Ing. Ladislav Roller, PhD. First deputy director: doc. RNDr. \u013dubom\u00edr Vidli\u010dka, CSc. Second deputy director: &nbsp; Scientific secretary: Mgr. Igor Kokavec, PhD.<\/p>\n","protected":false},"author":1,"featured_media":0,"parent":11,"menu_order":0,"comment_status":"closed","ping_status":"closed","template":"","meta":{"_links_to":"","_links_to_target":""},"_links":{"self":[{"href":"https:\/\/zoo.sav.sk\/en\/wp-json\/wp\/v2\/pages\/13"}],"collection":[{"href":"https:\/\/zoo.sav.sk\/en\/wp-json\/wp\/v2\/pages"}],"about":[{"href":"https:\/\/zoo.sav.sk\/en\/wp-json\/wp\/v2\/types\/page"}],"author":[{"embeddable":true,"href":"https:\/\/zoo.sav.sk\/en\/wp-json\/wp\/v2\/users\/1"}],"replies":[{"embeddable":true,"href":"https:\/\/zoo.sav.sk\/en\/wp-json\/wp\/v2\/comments?post=13"}],"version-history":[{"count":15,"href":"https:\/\/zoo.sav.sk\/en\/wp-json\/wp\/v2\/pages\/13\/revisions"}],"predecessor-version":[{"id":423,"href":"https:\/\/zoo.sav.sk\/en\/wp-json\/wp\/v2\/pages\/13\/revisions\/423"}],"up":[{"embeddable":true,"href":"https:\/\/zoo.sav.sk\/en\/wp-json\/wp\/v2\/pages\/11"}],"wp:attachment":[{"href":"https:\/\/zoo.sav.sk\/en\/wp-json\/wp\/v2\/media?parent=13"}],"curies":[{"name":"wp","href":"https:\/\/api.w.org\/{rel}","templated":true}]}}