{"id":117,"date":"2016-04-19T11:45:22","date_gmt":"2016-04-19T09:45:22","guid":{"rendered":"http:\/\/zoo.sav.sk\/en\/?page_id=117"},"modified":"2024-07-22T08:58:19","modified_gmt":"2024-07-22T06:58:19","slug":"basic-info","status":"publish","type":"page","link":"https:\/\/zoo.sav.sk\/en\/staff\/basic-info\/","title":{"rendered":"Basic Info"},"content":{"rendered":"<table class='list'>\n<tr class='list_header'>\n<td>Name \/ Position<\/td>\n<td>E-mail<\/td>\n<td>Phone<\/td>\n<\/tr>\n<tr>\n<td width='50%'><a class='bold' href='\/en\/staff\/basic-info\/?user_no=8931&#038;publication_author_id='>Baranovi\u010d, Alexander <\/a><\/p>\n<div><\/div>\n<\/td>\n<td width='35%'><a href='mailto:alexander.baranovic@savba.sk'>alexander.baranovic@savba.sk<\/a><\/td>\n<td width='15%'>02\/59302644, 0918 784416<\/td>\n<\/tr>\n<tr>\n<td width='50%'><a class='bold' href='\/en\/staff\/basic-info\/?user_no=13697&#038;publication_author_id='>Boro\u0161, Andrej Bc.<\/a><\/p>\n<div><\/div>\n<\/td>\n<td width='35%'><a href='mailto:andrejboros5@gmail.com'>andrejboros5@gmail.com<\/a><\/td>\n<td width='15%'><\/td>\n<\/tr>\n<tr>\n<td width='50%'><a class='bold' href='\/en\/staff\/basic-info\/?user_no=13611&#038;publication_author_id='>Buchov\u00e1, Emma Mgr.<\/a><\/p>\n<div><\/div>\n<\/td>\n<td width='35%'><a href='mailto:emma.buchova@savba.sk'>emma.buchova@savba.sk<\/a><\/td>\n<td width='15%'><\/td>\n<\/tr>\n<tr>\n<td width='50%'><a class='bold' href='\/en\/staff\/basic-info\/?user_no=14506&#038;publication_author_id='>\u010cierna, Martina Mgr.<\/a><\/p>\n<div><\/div>\n<\/td>\n<td width='35%'><a href='mailto:martina.cierna@savba.sk'>martina.cierna@savba.sk<\/a><\/td>\n<td width='15%'>02\/5930 2603<\/td>\n<\/tr>\n<tr>\n<td width='50%'><a class='bold' href='\/en\/staff\/basic-info\/?user_no=1828&#038;publication_author_id=0001039'>Darolov\u00e1, Al\u017ebeta RNDr., CSc.<\/a><\/p>\n<div>senior researcher<\/div>\n<\/td>\n<td width='35%'><a href='mailto:alzbeta.darolova@savba.sk'>alzbeta.darolova@savba.sk<\/a><\/td>\n<td width='15%'>02\/5930 2619<\/td>\n<\/tr>\n<tr>\n<td width='50%'><a class='bold' href='\/en\/staff\/basic-info\/?user_no=5489&#038;publication_author_id=0101794'>Derd\u00e1kov\u00e1, Mark\u00e9ta MVDr., PhD.<\/a><\/p>\n<div>senior researcher<\/div>\n<\/td>\n<td width='35%'><a href='mailto:Marketa.Derdakova@savba.sk'>Marketa.Derdakova@savba.sk<\/a><\/td>\n<td width='15%'>02\/5930 2624<\/td>\n<\/tr>\n<tr>\n<td width='50%'><a class='bold' href='\/en\/staff\/basic-info\/?user_no=10404&#038;publication_author_id='>Didyk, Yuliya MVDr., PhD.<\/a><\/p>\n<div>senior researcher<\/div>\n<\/td>\n<td width='35%'><a href='mailto:yuliya.didyk@savba.sk'>yuliya.didyk@savba.sk<\/a><\/td>\n<td width='15%'>02\/5930 2635<\/td>\n<\/tr>\n<tr>\n<td width='50%'><a class='bold' href='\/en\/staff\/basic-info\/?user_no=7398&#038;publication_author_id='>Drinkov\u00e1, L\u00fddia <\/a><\/p>\n<div><\/div>\n<\/td>\n<td width='35%'><a href='mailto:Lydia.Drinkova@savba.sk'>Lydia.Drinkova@savba.sk<\/a><\/td>\n<td width='15%'>02\/5930 2606<\/td>\n<\/tr>\n<tr>\n<td width='50%'><a class='bold' href='\/en\/staff\/basic-info\/?user_no=14905&#038;publication_author_id='>Dutta, Arthita MSc.<\/a><\/p>\n<div><\/div>\n<\/td>\n<td width='35%'><a href='mailto:arthita.dutta@savba.sk'>arthita.dutta@savba.sk<\/a><\/td>\n<td width='15%'><\/td>\n<\/tr>\n<tr>\n<td width='50%'><a class='bold' href='\/en\/staff\/basic-info\/?user_no=14100&#038;publication_author_id='>Endel, Branislav  MSc.<\/a><\/p>\n<div><\/div>\n<\/td>\n<td width='35%'><a href='mailto:branislav.endel@savba.sk'>branislav.endel@savba.sk<\/a><\/td>\n<td width='15%'>+421948066096<\/td>\n<\/tr>\n<tr>\n<td width='50%'><a class='bold' href='\/en\/staff\/basic-info\/?user_no=13518&#038;publication_author_id='>Fe\u010d\u00e1k, Michal Bc.<\/a><\/p>\n<div><\/div>\n<\/td>\n<td width='35%'><a href='mailto:michal.fecak@gmail.com'>michal.fecak@gmail.com<\/a><\/td>\n<td width='15%'><\/td>\n<\/tr>\n<tr>\n<td width='50%'><a class='bold' href='\/en\/staff\/basic-info\/?user_no=11732&#038;publication_author_id='>G\u00e1likov\u00e1, Martina Mgr., PhD.<\/a><\/p>\n<div>head of department, senior researcher<\/div>\n<\/td>\n<td width='35%'><a href='mailto:martina.galikova@savba.sk'>martina.galikova@savba.sk<\/a><\/td>\n<td width='15%'><\/td>\n<\/tr>\n<tr>\n<td width='50%'><a class='bold' href='\/en\/staff\/basic-info\/?user_no=12536&#038;publication_author_id='>Hamerl\u00edk, Ladislav prof. Ing., PhD.<\/a><\/p>\n<div>head of department, senior researcher<\/div>\n<\/td>\n<td width='35%'><a href='mailto:ladislav.hamerlik@umb.sk'>ladislav.hamerlik@umb.sk<\/a><\/td>\n<td width='15%'><\/td>\n<\/tr>\n<tr>\n<td width='50%'><a class='bold' href='\/en\/staff\/basic-info\/?user_no=9481&#038;publication_author_id='>Chvost\u00e1\u010d, Michal Mgr., PhD.<\/a><\/p>\n<div> researcher<\/div>\n<\/td>\n<td width='35%'><a href='mailto:michal.chvostac@savba.sk'>michal.chvostac@savba.sk<\/a><\/td>\n<td width='15%'>02\/5930 2607<\/td>\n<\/tr>\n<tr>\n<td width='50%'><a class='bold' href='\/en\/staff\/basic-info\/?user_no=1943&#038;publication_author_id='>Kazim\u00edrov\u00e1, M\u00e1ria RNDr., CSc.<\/a><\/p>\n<div>senior researcher<\/div>\n<\/td>\n<td width='35%'><a href='mailto:Maria.Kazimirova@savba.sk'>Maria.Kazimirova@savba.sk<\/a><\/td>\n<td width='15%'>02\/5930 2645<\/td>\n<\/tr>\n<tr>\n<td width='50%'><a class='bold' href='\/en\/staff\/basic-info\/?user_no=10852&#038;publication_author_id='>Klepsatel, Peter Mgr. et Mgr., PhD.<\/a><\/p>\n<div>senior researcher<\/div>\n<\/td>\n<td width='35%'><a href='mailto:peter.klepsatel@gmail.com'>peter.klepsatel@gmail.com<\/a><\/td>\n<td width='15%'><\/td>\n<\/tr>\n<tr>\n<td width='50%'><a class='bold' href='\/en\/staff\/basic-info\/?user_no=11488&#038;publication_author_id='>Kl\u00f6cklerov\u00e1, Vanda Mgr., PhD.<\/a><\/p>\n<div> researcher<\/div>\n<\/td>\n<td width='35%'><a href='mailto:vanda.klocklerova@savba.sk'>vanda.klocklerova@savba.sk<\/a><\/td>\n<td width='15%'><\/td>\n<\/tr>\n<tr>\n<td width='50%'><a class='bold' href='\/en\/staff\/basic-info\/?user_no=13506&#038;publication_author_id='>Kobli\u0161kov\u00e1, Andrea Mgr.<\/a><\/p>\n<div><\/div>\n<\/td>\n<td width='35%'><a href='mailto:a.kobliskova@gmail.com'>a.kobliskova@gmail.com<\/a><\/td>\n<td width='15%'><\/td>\n<\/tr>\n<tr>\n<td width='50%'><a class='bold' href='\/en\/staff\/basic-info\/?user_no=11325&#038;publication_author_id='>Ko\u010di, Juraj RNDr., PhD.<\/a><\/p>\n<div>senior researcher<\/div>\n<\/td>\n<td width='35%'><a href='mailto:juraj.koci@savba.sk'>juraj.koci@savba.sk<\/a><\/td>\n<td width='15%'><\/td>\n<\/tr>\n<tr>\n<td width='50%'><a class='bold' href='\/en\/staff\/basic-info\/?user_no=13505&#038;publication_author_id='>Ko\u010di, Kamila RNDr., PhD.<\/a><\/p>\n<div> researcher<\/div>\n<\/td>\n<td width='35%'><a href='mailto:kamikoci@gmail.com'>kamikoci@gmail.com<\/a><\/td>\n<td width='15%'><\/td>\n<\/tr>\n<tr>\n<td width='50%'><a class='bold' href='\/en\/staff\/basic-info\/?user_no=10799&#038;publication_author_id='>Kokavec, Igor Mgr., PhD.<\/a><\/p>\n<div> researcher<\/div>\n<\/td>\n<td width='35%'><a href='mailto:igor.kokavec@savba.sk'>igor.kokavec@savba.sk<\/a><\/td>\n<td width='15%'>02\/5930 2612<\/td>\n<\/tr>\n<tr>\n<td width='50%'><a class='bold' href='\/en\/staff\/basic-info\/?user_no=14164&#038;publication_author_id='>Kornhauser, Filip Bc.<\/a><\/p>\n<div><\/div>\n<\/td>\n<td width='35%'><a href='mailto:kornhauser@uniba.sk'>kornhauser@uniba.sk<\/a><\/td>\n<td width='15%'><\/td>\n<\/tr>\n<tr>\n<td width='50%'><a class='bold' href='\/en\/staff\/basic-info\/?user_no=12105&#038;publication_author_id='>Kosa, Daniel <\/a><\/p>\n<div><\/div>\n<\/td>\n<td width='35%'><a href='mailto:daniel.kosa@savba.sk'>daniel.kosa@savba.sk<\/a><\/td>\n<td width='15%'>02\/5930 2614<\/td>\n<\/tr>\n<tr>\n<td width='50%'><a class='bold' href='\/en\/staff\/basic-info\/?user_no=14244&#038;publication_author_id='>Krempask\u00e1, Johana <\/a><\/p>\n<div><\/div>\n<\/td>\n<td width='35%'><a href='mailto:johana.krempaska@savba.sk'>johana.krempaska@savba.sk<\/a><\/td>\n<td width='15%'><\/td>\n<\/tr>\n<tr>\n<td width='50%'><a class='bold' href='\/en\/staff\/basic-info\/?user_no=1945&#038;publication_author_id=0000479'>Kri\u0161tof\u00edk, J\u00e1n RNDr., CSc.<\/a><\/p>\n<div>senior researcher<\/div>\n<\/td>\n<td width='35%'><a href='mailto:Jan.Kristofik@savba.sk'>Jan.Kristofik@savba.sk<\/a><\/td>\n<td width='15%'>02\/5930 2616<\/td>\n<\/tr>\n<tr>\n<td width='50%'><a class='bold' href='\/en\/staff\/basic-info\/?user_no=14564&#038;publication_author_id='>Kun, Angelina Viven <\/a><\/p>\n<div><\/div>\n<\/td>\n<td width='35%'><a href='mailto:angelinaklementeva@savba.sk'>angelinaklementeva@savba.sk<\/a><\/td>\n<td width='15%'><\/td>\n<\/tr>\n<tr>\n<td width='50%'><a class='bold' href='\/en\/staff\/basic-info\/?user_no=11183&#038;publication_author_id='>Ku\u0161n\u00edrov\u00e1, Jana <\/a><\/p>\n<div>secretary of director<\/div>\n<\/td>\n<td width='35%'><a href='mailto:jana.kusnirova@savba.sk'>jana.kusnirova@savba.sk<\/a><\/td>\n<td width='15%'>02\/5930 2602<\/td>\n<\/tr>\n<tr>\n<td width='50%'><a class='bold' href='\/en\/staff\/basic-info\/?user_no=12180&#038;publication_author_id='>Littera, Pavol Mgr., PhD.<\/a><\/p>\n<div><\/div>\n<\/td>\n<td width='35%'><a href='mailto:littera@broz.sk'>littera@broz.sk<\/a><\/td>\n<td width='15%'><\/td>\n<\/tr>\n<tr>\n<td width='50%'><a class='bold' href='\/en\/staff\/basic-info\/?user_no=14565&#038;publication_author_id='>Ma\u010dekov\u00e1, Laura Bc.<\/a><\/p>\n<div><\/div>\n<\/td>\n<td width='35%'><a href='mailto:lauramacekova@savba.sk'>lauramacekova@savba.sk<\/a><\/td>\n<td width='15%'><\/td>\n<\/tr>\n<tr>\n<td width='50%'><a class='bold' href='\/en\/staff\/basic-info\/?user_no=9771&#038;publication_author_id='>Majzlan, Oto prof. RNDr., PhD.<\/a><\/p>\n<div>leading researcher<\/div>\n<\/td>\n<td width='35%'><a href='mailto:oto.majzlan@uniba.sk'>oto.majzlan@uniba.sk<\/a><\/td>\n<td width='15%'><\/td>\n<\/tr>\n<tr>\n<td width='50%'><a class='bold' href='\/en\/staff\/basic-info\/?user_no=14245&#038;publication_author_id='>Makwisa, Emanuel, Manfred Mgr.<\/a><\/p>\n<div><\/div>\n<\/td>\n<td width='35%'><a href='mailto:emanuel.makwisa@savba.sk'>emanuel.makwisa@savba.sk<\/a><\/td>\n<td width='15%'><\/td>\n<\/tr>\n<tr>\n<td width='50%'><a class='bold' href='\/en\/staff\/basic-info\/?user_no=10226&#038;publication_author_id='>Mangov\u00e1, Barbara  Mgr., PhD.<\/a><\/p>\n<div>senior researcher<\/div>\n<\/td>\n<td width='35%'><a href='mailto:barbara.mangova@savba.sk'>barbara.mangova@savba.sk<\/a><\/td>\n<td width='15%'>02\/5930 2635<\/td>\n<\/tr>\n<tr>\n<td width='50%'><a class='bold' href='\/en\/staff\/basic-info\/?user_no=1951&#038;publication_author_id=0000989'>Ma\u0161\u00e1n, Peter RNDr., PhD.<\/a><\/p>\n<div>senior researcher<\/div>\n<\/td>\n<td width='35%'><a href='mailto:Peter.Masan@savba.sk'>Peter.Masan@savba.sk<\/a><\/td>\n<td width='15%'>02\/5930 2620<\/td>\n<\/tr>\n<tr>\n<td width='50%'><a class='bold' href='\/en\/staff\/basic-info\/?user_no=11977&#038;publication_author_id='>Medla, Matej Mgr., PhD.<\/a><\/p>\n<div> researcher<\/div>\n<\/td>\n<td width='35%'><a href='mailto:matej.medla@savba.sk'>matej.medla@savba.sk<\/a><\/td>\n<td width='15%'>0944166512<\/td>\n<\/tr>\n<tr>\n<td width='50%'><a class='bold' href='\/en\/staff\/basic-info\/?user_no=7401&#038;publication_author_id=0159585'>Michalkov\u00e1, Veronika Mgr., PhD.<\/a><\/p>\n<div>senior researcher<\/div>\n<\/td>\n<td width='35%'><a href='mailto:Veronika.Michalkova@savba.sk'>Veronika.Michalkova@savba.sk<\/a><\/td>\n<td width='15%'><\/td>\n<\/tr>\n<tr>\n<td width='50%'><a class='bold' href='\/en\/staff\/basic-info\/?user_no=11326&#038;publication_author_id='>Navara, Tom\u00e1\u0161  RNDr., PhD.<\/a><\/p>\n<div> researcher<\/div>\n<\/td>\n<td width='35%'><a href='mailto:tomas.navara@savba.sk'>tomas.navara@savba.sk<\/a><\/td>\n<td width='15%'><\/td>\n<\/tr>\n<tr>\n<td width='50%'><a class='bold' href='\/en\/staff\/basic-info\/?user_no=14932&#038;publication_author_id='>Nishad, Anurag MSc.<\/a><\/p>\n<div><\/div>\n<\/td>\n<td width='35%'><a href='mailto:anurag.nishad@savba.sk'>anurag.nishad@savba.sk<\/a><\/td>\n<td width='15%'><\/td>\n<\/tr>\n<tr>\n<td width='50%'><a class='bold' href='\/en\/staff\/basic-info\/?user_no=12181&#038;publication_author_id='>Ol\u0161ovsk\u00fd, Tom\u00e1\u0161 Ing., PhD.<\/a><\/p>\n<div> researcher<\/div>\n<\/td>\n<td width='35%'><a href='mailto:tomasolsovsky3@gmail.com'>tomasolsovsky3@gmail.com<\/a><\/td>\n<td width='15%'><\/td>\n<\/tr>\n<tr>\n<td width='50%'><a class='bold' href='\/en\/staff\/basic-info\/?user_no=7402&#038;publication_author_id='>Pelik\u00e1nov\u00e1, Zuzana <\/a><\/p>\n<div><\/div>\n<\/td>\n<td width='35%'><a href='mailto:nikinka12358@gmail.com'>nikinka12358@gmail.com<\/a><\/td>\n<td width='15%'>02\/5930 2134<\/td>\n<\/tr>\n<tr>\n<td width='50%'><a class='bold' href='\/en\/staff\/basic-info\/?user_no=1954&#038;publication_author_id='>Pr\u00e1znovsk\u00e1, Dagmar Mgr.<\/a><\/p>\n<div><\/div>\n<\/td>\n<td width='35%'><a href='mailto:Dagmar.Praznovska@savba.sk'>Dagmar.Praznovska@savba.sk<\/a><\/td>\n<td width='15%'>02\/5930 2605<\/td>\n<\/tr>\n<tr>\n<td width='50%'><a class='bold' href='\/en\/staff\/basic-info\/?user_no=8937&#038;publication_author_id='>Proch\u00e1zka, Emanuel Mgr., PhD.<\/a><\/p>\n<div>researcher<\/div>\n<\/td>\n<td width='35%'><a href='mailto:emanuel.prochazka@savba.sk'>emanuel.prochazka@savba.sk<\/a><\/td>\n<td width='15%'>02\/5930 2647<\/td>\n<\/tr>\n<tr>\n<td width='50%'><a class='bold' href='\/en\/staff\/basic-info\/?user_no=4339&#038;publication_author_id=0095472'>Prokop, Pavol prof. PaedDr., DrSc.<\/a><\/p>\n<div>leading researcher<\/div>\n<\/td>\n<td width='35%'><a href='mailto:Pavol.Prokop@savba.sk'>Pavol.Prokop@savba.sk<\/a><\/td>\n<td width='15%'>02\/5930 2621<\/td>\n<\/tr>\n<tr>\n<td width='50%'><a class='bold' href='\/en\/staff\/basic-info\/?user_no=13610&#038;publication_author_id='>Purgatov\u00e1, Sl\u00e1vka Mgr.<\/a><\/p>\n<div><\/div>\n<\/td>\n<td width='35%'><a href='mailto:slavka.purgatova@savba.sk'>slavka.purgatova@savba.sk<\/a><\/td>\n<td width='15%'><\/td>\n<\/tr>\n<tr>\n<td width='50%'><a class='bold' href='\/en\/staff\/basic-info\/?user_no=13936&#038;publication_author_id='>Rajsk\u00e1, Petra Mgr., PhD.<\/a><\/p>\n<div>researcher<\/div>\n<\/td>\n<td width='35%'><a href='mailto:petra.rajska@savba.sk'>petra.rajska@savba.sk<\/a><\/td>\n<td width='15%'><\/td>\n<\/tr>\n<tr>\n<td width='50%'><a class='bold' href='\/en\/staff\/basic-info\/?user_no=1955&#038;publication_author_id=0000993'>Roller, Ladislav Ing., PhD.<\/a><\/p>\n<div>Director, senior researcher<\/div>\n<\/td>\n<td width='35%'><a href='mailto:Ladislav.Roller@savba.sk'>Ladislav.Roller@savba.sk<\/a><\/td>\n<td width='15%'>02\/5930 2640, 02\/5930 2601<\/td>\n<\/tr>\n<tr>\n<td width='50%'><a class='bold' href='\/en\/staff\/basic-info\/?user_no=1032&#038;publication_author_id=0040104'>Rus\u0148\u00e1kov\u00e1 Tarage\u013eov\u00e1, Veronika Mgr., PhD.<\/a><\/p>\n<div>head of department, senior researcher<\/div>\n<\/td>\n<td width='35%'><a href='mailto:Veronika.Taragelova@savba.sk'>Veronika.Taragelova@savba.sk<\/a><\/td>\n<td width='15%'>02\/5930 2649<\/td>\n<\/tr>\n<tr>\n<td width='50%'><a class='bold' href='\/en\/staff\/basic-info\/?user_no=5418&#038;publication_author_id=0099526'>Selyemov\u00e1, Diana Mgr., PhD.<\/a><\/p>\n<div>senior researcher<\/div>\n<\/td>\n<td width='35%'><a href='mailto:Diana.Zelinkova@savba.sk'>Diana.Zelinkova@savba.sk<\/a><\/td>\n<td width='15%'>02\/5930 2649<\/td>\n<\/tr>\n<tr>\n<td width='50%'><a class='bold' href='\/en\/staff\/basic-info\/?user_no=8573&#038;publication_author_id=0159244'>Semelbauer, Marek Mgr., PhD.<\/a><\/p>\n<div>senior researcher<\/div>\n<\/td>\n<td width='35%'><a href='mailto:Marek.Semelbauer@savba.sk'>Marek.Semelbauer@savba.sk<\/a><\/td>\n<td width='15%'><\/td>\n<\/tr>\n<tr>\n<td width='50%'><a class='bold' href='\/en\/staff\/basic-info\/?user_no=11978&#038;publication_author_id='>Sendi, Hemen Mgr., PhD.<\/a><\/p>\n<div> researcher<\/div>\n<\/td>\n<td width='35%'><a href='mailto:hemen.sendi@savba.sk'>hemen.sendi@savba.sk<\/a><\/td>\n<td width='15%'><\/td>\n<\/tr>\n<tr>\n<td width='50%'><a class='bold' href='\/en\/staff\/basic-info\/?user_no=10515&#038;publication_author_id='>Sitar\u010d\u00edkov\u00e1, Danka Ing.<\/a><\/p>\n<div>head of economic department<\/div>\n<\/td>\n<td width='35%'><a href='mailto:danka.sitarcikova@savba.sk'>danka.sitarcikova@savba.sk<\/a><\/td>\n<td width='15%'>02\/5930 2603<\/td>\n<\/tr>\n<tr>\n<td width='50%'><a class='bold' href='\/en\/staff\/basic-info\/?user_no=10436&#038;publication_author_id='>Slov\u00e1k, Mirko RNDr., CSc.<\/a><\/p>\n<div>senior researcher<\/div>\n<\/td>\n<td width='35%'><a href='mailto:Mirko.Slovak@savba.sk'>Mirko.Slovak@savba.sk<\/a><\/td>\n<td width='15%'>02\/5930 2639<\/td>\n<\/tr>\n<tr>\n<td width='50%'><a class='bold' href='\/en\/staff\/basic-info\/?user_no=13106&#038;publication_author_id='>Sojka, Daniel RNDr., PhD.<\/a><\/p>\n<div>research <\/div>\n<\/td>\n<td width='35%'><a href='mailto:sojkadan@gmail.com'>sojkadan@gmail.com<\/a><\/td>\n<td width='15%'><\/td>\n<\/tr>\n<tr>\n<td width='50%'><a class='bold' href='\/en\/staff\/basic-info\/?user_no=13000&#038;publication_author_id='>Sovov\u00e1 Lindorov\u00e1, M\u00e1ria Bc., Ing.<\/a><\/p>\n<div>Civiln\u00e1 ochrana<\/div>\n<\/td>\n<td width='35%'><a href='mailto:lindorova@zoznam.sk'>lindorova@zoznam.sk<\/a><\/td>\n<td width='15%'><\/td>\n<\/tr>\n<tr>\n<td width='50%'><a class='bold' href='\/en\/staff\/basic-info\/?user_no=3853&#038;publication_author_id=0000384'>Stanko, Michal doc. RNDr., DrSc.<\/a><\/p>\n<div>leading researcher<\/div>\n<\/td>\n<td width='35%'><a href='mailto:stankom@saske.sk'>stankom@saske.sk<\/a><\/td>\n<td width='15%'>055\/6325 326<\/td>\n<\/tr>\n<tr>\n<td width='50%'><a class='bold' href='\/en\/staff\/basic-info\/?user_no=14102&#038;publication_author_id='>Syed, Elena <\/a><\/p>\n<div><\/div>\n<\/td>\n<td width='35%'><a href='mailto:elene.syed@savba.sk'>elene.syed@savba.sk<\/a><\/td>\n<td width='15%'><\/td>\n<\/tr>\n<tr>\n<td width='50%'><a class='bold' href='\/en\/staff\/basic-info\/?user_no=11491&#038;publication_author_id='>\u0160ujanov\u00e1, Al\u017ebeta Mgr., PhD.<\/a><\/p>\n<div> researcher<\/div>\n<\/td>\n<td width='35%'><a href='mailto:alzbeta.sujanova@savba.sk'>alzbeta.sujanova@savba.sk<\/a><\/td>\n<td width='15%'><\/td>\n<\/tr>\n<tr>\n<td width='50%'><a class='bold' href='\/en\/staff\/basic-info\/?user_no=1962&#038;publication_author_id=0000982'>Tak\u00e1\u010d, Peter RNDr., CSc.<\/a><\/p>\n<div>senior researcher<\/div>\n<\/td>\n<td width='35%'><a href='mailto:Peter.Takac@savba.sk'>Peter.Takac@savba.sk<\/a><\/td>\n<td width='15%'>02\/5930 2642<\/td>\n<\/tr>\n<tr>\n<td width='50%'><a class='bold' href='\/en\/staff\/basic-info\/?user_no=13507&#038;publication_author_id='>Urbanov\u00e1, Veronika Mgr., PhD.<\/a><\/p>\n<div> researcher<\/div>\n<\/td>\n<td width='35%'><a href='mailto:veronika@paru.cas.cz'>veronika@paru.cas.cz<\/a><\/td>\n<td width='15%'><\/td>\n<\/tr>\n<tr>\n<td width='50%'><a class='bold' href='\/en\/staff\/basic-info\/?user_no=2365&#038;publication_author_id=0043324'>V\u00e1clav, Radovan Mgr., PhD.<\/a><\/p>\n<div>senior researcher<\/div>\n<\/td>\n<td width='35%'><a href='mailto:Radovan.Vaclav@savba.sk'>Radovan.Vaclav@savba.sk<\/a><\/td>\n<td width='15%'>02\/5930 2625<\/td>\n<\/tr>\n<tr>\n<td width='50%'><a class='bold' href='\/en\/staff\/basic-info\/?user_no=1966&#038;publication_author_id=0000998'>Vidli\u010dka, \u013dubom\u00edr doc. RNDr., CSc.<\/a><\/p>\n<div>deputy director, head of department, senior researcher<\/div>\n<\/td>\n<td width='35%'><a href='mailto:Lubomir.Vidlicka@savba.sk'>Lubomir.Vidlicka@savba.sk<\/a><\/td>\n<td width='15%'>02\/5930 2640<\/td>\n<\/tr>\n<tr>\n<td width='50%'><a class='bold' href='\/en\/staff\/basic-info\/?user_no=14032&#038;publication_author_id='>Vojtekov\u00e1, Sl\u00e1vka <\/a><\/p>\n<div><\/div>\n<\/td>\n<td width='35%'><a href='mailto:slavka.nevelos@gmail.com'>slavka.nevelos@gmail.com<\/a><\/td>\n<td width='15%'><\/td>\n<\/tr>\n<tr>\n<td width='50%'><a class='bold' href='\/en\/staff\/basic-info\/?user_no=10797&#038;publication_author_id='>Vr\u00e1blov\u00e1, Eva <\/a><\/p>\n<div>THS<\/div>\n<\/td>\n<td width='35%'><a href='mailto:eva.vrablova@savba.sk'>eva.vrablova@savba.sk<\/a><\/td>\n<td width='15%'>02\/5930 2604<\/td>\n<\/tr>\n<tr>\n<td width='50%'><a class='bold' href='\/en\/staff\/basic-info\/?user_no=10438&#038;publication_author_id='>Vr\u0161ansk\u00fd, Peter Mgr., PhD.<\/a><\/p>\n<div>senior researcher<\/div>\n<\/td>\n<td width='35%'><a href='mailto:Peter.Vrsansky@savba.sk'>Peter.Vrsansky@savba.sk<\/a><\/td>\n<td width='15%'><\/td>\n<\/tr>\n<tr>\n<td width='50%'><a class='bold' href='\/en\/staff\/basic-info\/?user_no=13665&#038;publication_author_id='>Yadav, Sanjay Ramnarayan Mgr.<\/a><\/p>\n<div><\/div>\n<\/td>\n<td width='35%'><a href='mailto:sanjay.yadav@savba.sk'>sanjay.yadav@savba.sk<\/a><\/td>\n<td width='15%'><\/td>\n<\/tr>\n<tr>\n<td width='50%'><a class='bold' href='\/en\/staff\/basic-info\/?user_no=13188&#038;publication_author_id='>Zhovnerchuk, Olha Mgr., PhD.<\/a><\/p>\n<div> researcher<\/div>\n<\/td>\n<td width='35%'><a href='mailto:olha.zhovnerchuk@savba.sk'>olha.zhovnerchuk@savba.sk<\/a><\/td>\n<td width='15%'><\/td>\n<\/tr>\n<tr>\n<td width='50%'><a class='bold' href='\/en\/staff\/basic-info\/?user_no=14247&#038;publication_author_id='>Zverkov\u00e1, Jana Ing.<\/a><\/p>\n<div><\/div>\n<\/td>\n<td width='35%'><a href='mailto:jana.zverkova@savba.sk'>jana.zverkova@savba.sk<\/a><\/td>\n<td width='15%'><\/td>\n<\/tr>\n<tr>\n<td width='50%'><a class='bold' href='\/en\/staff\/basic-info\/?user_no=1969&#038;publication_author_id=0000999'>\u017dit\u0148an, Du\u0161an RNDr., DrSc.<\/a><\/p>\n<div>head of department, leading researcher<\/div>\n<\/td>\n<td width='35%'><a href='mailto:dusan.zitnan@savba.sk'>dusan.zitnan@savba.sk<\/a><\/td>\n<td width='15%'>02\/5930 2601<\/td>\n<\/tr>\n<\/table>\n","protected":false},"excerpt":{"rendered":"<p>Name \/ Position E-mail Phone Baranovi\u010d, Alexander alexander.baranovic@savba.sk 02\/59302644, 0918 784416 Boro\u0161, Andrej Bc. andrejboros5@gmail.com Buchov\u00e1, Emma Mgr. emma.buchova@savba.sk \u010cierna, Martina Mgr. martina.cierna@savba.sk 02\/5930 2603&#8230;<span class=\"excerpt_more\"><a href=\"https:\/\/zoo.sav.sk\/en\/staff\/basic-info\/\">\u010d\u00edta\u0165 \u010falej &raquo;<\/a><\/span><\/p>\n","protected":false},"author":1,"featured_media":0,"parent":115,"menu_order":1,"comment_status":"closed","ping_status":"closed","template":"","meta":{"_links_to":"","_links_to_target":""},"_links":{"self":[{"href":"https:\/\/zoo.sav.sk\/en\/wp-json\/wp\/v2\/pages\/117"}],"collection":[{"href":"https:\/\/zoo.sav.sk\/en\/wp-json\/wp\/v2\/pages"}],"about":[{"href":"https:\/\/zoo.sav.sk\/en\/wp-json\/wp\/v2\/types\/page"}],"author":[{"embeddable":true,"href":"https:\/\/zoo.sav.sk\/en\/wp-json\/wp\/v2\/users\/1"}],"replies":[{"embeddable":true,"href":"https:\/\/zoo.sav.sk\/en\/wp-json\/wp\/v2\/comments?post=117"}],"version-history":[{"count":9,"href":"https:\/\/zoo.sav.sk\/en\/wp-json\/wp\/v2\/pages\/117\/revisions"}],"predecessor-version":[{"id":437,"href":"https:\/\/zoo.sav.sk\/en\/wp-json\/wp\/v2\/pages\/117\/revisions\/437"}],"up":[{"embeddable":true,"href":"https:\/\/zoo.sav.sk\/en\/wp-json\/wp\/v2\/pages\/115"}],"wp:attachment":[{"href":"https:\/\/zoo.sav.sk\/en\/wp-json\/wp\/v2\/media?parent=117"}],"curies":[{"name":"wp","href":"https:\/\/api.w.org\/{rel}","templated":true}]}}