{"id":108,"date":"2016-04-19T10:02:24","date_gmt":"2016-04-19T08:02:24","guid":{"rendered":"http:\/\/zoo.sav.sk\/en\/?page_id=108"},"modified":"2025-04-08T18:06:21","modified_gmt":"2025-04-08T16:06:21","slug":"contact-information","status":"publish","type":"page","link":"https:\/\/zoo.sav.sk\/en\/contact\/contact-information\/","title":{"rendered":"Contact Information"},"content":{"rendered":"<div>\n<h2>Address<\/h2>\n<\/div>\n<div><\/div>\n<div>D\u00fabravsk\u00e1 cesta 9<\/div>\n<div>845 06 Bratislava<\/div>\n<div>Slovak Republic<\/div>\n<div><\/div>\n<div>\n<h2>Map<\/h2>\n<\/div>\n<div><a href=\"https:\/\/mapa.zoznam.sk\/?z=18&#038;c=48.17178000000001,17.0674\" target='_blank' rel=\"noopener\">Open map in a new tab.<\/a><\/div>\n<div><a href=\"https:\/\/mapa.zoznam.sk\/?search=%C3%9Astav%20zool%C3%B3gie%20SAV,%20Karlova%20Ves\" target='_blank' rel=\"noopener\">Open map in a new tab.<\/a><\/div>\n<div>\u00a9 OpenStreetMap contributors<\/div>\n<div>The data is available under the Open Database License (<a href=\"https:\/\/www.openstreetmap.org\/copyright\/en\" target='_blank' rel=\"noopener\">link<\/a>).<\/div>\n<div><\/div>\n<div>\n<h2>I\u010cO, DI\u010c, I\u010c DPH<\/h2>\n<\/div>\n<div><\/div>\n<div>I\u010cO: 00679097<\/div>\n<div>DI\u010c: 2020 919 417<\/div>\n<div>I\u010c DPH: We are not VAT-registered.<\/div>\n<div><\/div>\n<div>\n<h2>Bank transactions<\/h2>\n<\/div>\n<div><\/div>\n<div>\u0160t\u00e1tna pokladnica<\/div>\n<div>Radlinsk\u00e9ho 32<\/div>\n<div>810 05 Bratislava 15<\/div>\n<div>Slovak Republic<\/div>\n<div>IBAN: SK15 8180 0000 0070 0066 4896<\/div>\n<div>SWIFT CODE: SPSRSKBA<\/div>\n<div><\/div>\n<div>\n<h2>Director<\/h2>\n<\/div>\n<div><strong>Ing. Ladislav Roller, PhD.<\/strong><\/div>\n<div>Phone: + 421 2 5930 2601, + 421 2 5930 2640<\/div>\n<div>E-mail: <a href=\"mailto:ladislav.roller@savba.sk\">ladislav.roller@savba.sk<\/a><\/div>\n<div><\/div>\n<div>\n<h2>First deputy director<\/h2>\n<\/div>\n<div><strong>doc. RNDr. \u013dubom\u00edr Vidli\u010dka, CSc.<\/strong><\/div>\n<div>Phone: + 421 2 5930 2640<\/div>\n<div>E-mail: <a href=\"mailto:lubomir.vidlicka@savba.sk\">lubomir.vidlicka@savba.sk<\/a><\/div>\n<div><\/div>\n<div>\n<h2>Second deputy director<\/h2>\n<\/div>\n<div><\/div>\n<div>\n<h2>Secretariat<\/h2>\n<\/div>\n<div><strong>Jana Ku\u0161n\u00edrov\u00e1<\/strong><\/div>\n<div>Phone: + 421 2 5930 2602<\/div>\n<div>E-mail: <a href=\"mailto:jana.kusnirova@savba.sk\">jana.kusnirova@savba.sk<\/a><\/div>\n","protected":false},"excerpt":{"rendered":"<p>Address D\u00fabravsk\u00e1 cesta 9 845 06 Bratislava Slovak Republic Map Open map in a new tab. Open map in a new tab. \u00a9 OpenStreetMap contributors&#8230;<span class=\"excerpt_more\"><a href=\"https:\/\/zoo.sav.sk\/en\/contact\/contact-information\/\">\u010d\u00edta\u0165 \u010falej &raquo;<\/a><\/span><\/p>\n","protected":false},"author":1,"featured_media":0,"parent":106,"menu_order":0,"comment_status":"closed","ping_status":"closed","template":"","meta":{"_links_to":"","_links_to_target":""},"_links":{"self":[{"href":"https:\/\/zoo.sav.sk\/en\/wp-json\/wp\/v2\/pages\/108"}],"collection":[{"href":"https:\/\/zoo.sav.sk\/en\/wp-json\/wp\/v2\/pages"}],"about":[{"href":"https:\/\/zoo.sav.sk\/en\/wp-json\/wp\/v2\/types\/page"}],"author":[{"embeddable":true,"href":"https:\/\/zoo.sav.sk\/en\/wp-json\/wp\/v2\/users\/1"}],"replies":[{"embeddable":true,"href":"https:\/\/zoo.sav.sk\/en\/wp-json\/wp\/v2\/comments?post=108"}],"version-history":[{"count":30,"href":"https:\/\/zoo.sav.sk\/en\/wp-json\/wp\/v2\/pages\/108\/revisions"}],"predecessor-version":[{"id":452,"href":"https:\/\/zoo.sav.sk\/en\/wp-json\/wp\/v2\/pages\/108\/revisions\/452"}],"up":[{"embeddable":true,"href":"https:\/\/zoo.sav.sk\/en\/wp-json\/wp\/v2\/pages\/106"}],"wp:attachment":[{"href":"https:\/\/zoo.sav.sk\/en\/wp-json\/wp\/v2\/media?parent=108"}],"curies":[{"name":"wp","href":"https:\/\/api.w.org\/{rel}","templated":true}]}}